{"id":14700,"date":"2017-08-02T10:35:50","date_gmt":"2017-08-02T08:35:50","guid":{"rendered":"https:\/\/www.woodworksdirect.com\/glazen-gordijnen\/"},"modified":"2023-03-01T10:59:38","modified_gmt":"2023-03-01T09:59:38","slug":"glazen-gordijnen","status":"publish","type":"page","link":"https:\/\/www.woodworksdirect.com\/nl\/glazen-gordijnen\/","title":{"rendered":"Glazen gordijnen"},"content":{"rendered":"<section class=\"wpb-content-wrapper\"><p>[vc_row][vc_column width=&#8221;2\/3&#8243;]<div class=\"section_header tblock-box text-left  \"><h2 class=\"tblock \" >Glazen gordijnen<\/h2><\/div><div class=\"blank-spacer clearfix  \"  style=\"margin-bottom:25px !important; clear:both;\"><\/div>[vc_column_text]Deze producten zijn ideaal om uw pergola of terras af te sluiten, zodat u ze het hele jaar door kunt gebruiken. Je haalt echt het buitenleven naar binnen, ongeacht het weer.<\/p>\n<p>Als fabrikanten kunnen wij de meest concurrerende offertes en de beste producten aanbieden die vandaag op de markt beschikbaar zijn.<\/p>\n<p>Er wordt 10 mm of 8 mm gehard glas gebruikt en alle profielen zijn gemaakt van hoogwaardig aluminium.<\/p>\n<p>Een volledige installatieservice is beschikbaar door gekwalificeerde installateurs met meer dan 30 jaar ervaring in de glasindustrie.[\/vc_column_text][vc_masonry_media_grid element_width=&#8221;6&#8243; grid_id=&#8221;vc_gid:1677664724968-9b223ddf-c6e1-1&#8243; include=&#8221;8012,8014&#8243;]<div class=\"section_header tblock-box text-left  \"><h2 class=\"tblock \" >Frameloze Zwembadomheining<\/h2><\/div><div class=\"blank-spacer clearfix  \"  style=\"margin-bottom:25px !important; clear:both;\"><\/div>[vc_column_text]We kunnen nu Frameless Pool Fencing aanbieden. Een veilige omgeving cre\u00ebren rond uw zwembad is noodzakelijk hier in Spanje en wat is een betere manier dan een frameloze barri\u00e8re rond uw zwembad toe te voegen. Uw uitzicht wordt niet belemmerd, want er wordt een open sfeer gecre\u00eberd en nooit is er een gevoel van beslotenheid en nog een extra bonus &#8230; u voegt waarde toe aan uw eigendom.<\/p>\n<p>U kunt kiezen uit 10 mm of 12 mm gehard glas, compleet met roestvrijstalen onderdelen van maritieme kwaliteit.<\/p>\n<p>Neem vandaag nog contact met ons op voor meer informatie en een vrijblijvende offerte of bel 649540016.[\/vc_column_text][vc_masonry_media_grid element_width=&#8221;6&#8243; grid_id=&#8221;vc_gid:1677664724970-85b921dd-7882-4&#8243; include=&#8221;8016,8018&#8243;][\/vc_column][vc_column width=&#8221;1\/3&#8243;]<div class=\"section_header tblock-box text-left  \"><h2 class=\"tblock \" >Contacteer ons!<\/h2><\/div><div class=\"blank-spacer clearfix  \"  style=\"margin-bottom:25px !important; clear:both;\"><\/div>\n<div class=\"wpcf7 no-js\" id=\"wpcf7-f15016-o1\" lang=\"nl-NL\" dir=\"ltr\">\n<div class=\"screen-reader-response\"><p role=\"status\" aria-live=\"polite\" aria-atomic=\"true\"><\/p> <ul><\/ul><\/div>\n<form action=\"\/nl\/wp-json\/wp\/v2\/pages\/14700#wpcf7-f15016-o1\" method=\"post\" class=\"wpcf7-form init\" aria-label=\"Contactformulier\" novalidate=\"novalidate\" data-status=\"init\">\n<div style=\"display: none;\">\n<input type=\"hidden\" name=\"_wpcf7\" value=\"15016\" \/>\n<input type=\"hidden\" name=\"_wpcf7_version\" value=\"5.7.4\" \/>\n<input type=\"hidden\" name=\"_wpcf7_locale\" value=\"nl_NL\" \/>\n<input type=\"hidden\" name=\"_wpcf7_unit_tag\" value=\"wpcf7-f15016-o1\" \/>\n<input type=\"hidden\" name=\"_wpcf7_container_post\" value=\"0\" \/>\n<input type=\"hidden\" name=\"_wpcf7_posted_data_hash\" value=\"\" \/>\n<input type=\"hidden\" name=\"_wpcf7cf_hidden_group_fields\" value=\"[]\" \/>\n<input type=\"hidden\" name=\"_wpcf7cf_hidden_groups\" value=\"[]\" \/>\n<input type=\"hidden\" name=\"_wpcf7cf_visible_groups\" value=\"[]\" \/>\n<input type=\"hidden\" name=\"_wpcf7cf_repeaters\" value=\"[]\" \/>\n<input type=\"hidden\" name=\"_wpcf7cf_steps\" value=\"{}\" \/>\n<input type=\"hidden\" name=\"_wpcf7cf_options\" value=\"{&quot;form_id&quot;:15016,&quot;conditions&quot;:[],&quot;settings&quot;:{&quot;animation&quot;:&quot;yes&quot;,&quot;animation_intime&quot;:200,&quot;animation_outtime&quot;:200,&quot;conditions_ui&quot;:&quot;normal&quot;,&quot;notice_dismissed&quot;:false}}\" \/>\n<input type=\"hidden\" name=\"_wpcf7_recaptcha_response\" value=\"\" \/>\n<\/div>\n<p><span class=\"wpcf7-form-control-wrap\" data-name=\"your-name\"><input size=\"40\" class=\"wpcf7-form-control wpcf7-text wpcf7-validates-as-required form-control\" aria-required=\"true\" aria-invalid=\"false\" placeholder=\"Uw naam\" value=\"\" type=\"text\" name=\"your-name\" \/><\/span><br \/>\n<span class=\"wpcf7-form-control-wrap\" data-name=\"your-email\"><input size=\"40\" class=\"wpcf7-form-control wpcf7-text wpcf7-email wpcf7-validates-as-required wpcf7-validates-as-email form-control\" aria-required=\"true\" aria-invalid=\"false\" placeholder=\"Email\" value=\"\" type=\"email\" name=\"your-email\" \/><\/span><br \/>\n<span class=\"wpcf7-form-control-wrap\" data-name=\"your-email-confirm\"><input size=\"40\" class=\"wpcf7-form-control wpcf7-text wpcf7-email wpcf7-validates-as-required wpcf7-validates-as-email form-control\" aria-required=\"true\" aria-invalid=\"false\" placeholder=\"Bevestig e-mail\" value=\"\" type=\"email\" name=\"your-email-confirm\" \/><\/span><br \/>\n<span class=\"wpcf7-form-control-wrap\" data-name=\"telno\"><input size=\"40\" class=\"wpcf7-form-control wpcf7-text wpcf7-validates-as-required form-control\" aria-required=\"true\" aria-invalid=\"false\" placeholder=\"Telefoonnummer\" value=\"\" type=\"text\" name=\"telno\" \/><\/span><br \/>\n<span class=\"wpcf7-form-control-wrap\" data-name=\"location\"><input size=\"40\" class=\"wpcf7-form-control wpcf7-text wpcf7-validates-as-required form-control\" aria-required=\"true\" aria-invalid=\"false\" placeholder=\"Uw dichtstbijzijnde stad\" value=\"\" type=\"text\" name=\"location\" \/><\/span><br \/>\n<span class=\"wpcf7-form-control-wrap\" data-name=\"your-subject\"><input size=\"40\" class=\"wpcf7-form-control wpcf7-text wpcf7-validates-as-required form-control\" aria-required=\"true\" aria-invalid=\"false\" placeholder=\"Onderwerp\" value=\"\" type=\"text\" name=\"your-subject\" \/><\/span><br \/>\n<span class=\"wpcf7-form-control-wrap\" data-name=\"your-message\"><textarea cols=\"40\" rows=\"6\" class=\"wpcf7-form-control wpcf7-textarea wpcf7-validates-as-required form-control\" aria-required=\"true\" aria-invalid=\"false\" placeholder=\"Bericht\" name=\"your-message\"><\/textarea><\/span>\n<\/p>\n<div>\n\t<p>Hoe heb je over ons gehoord?\n\t<\/p>\n<\/div>\n<p><span class=\"wpcf7-form-control-wrap\" data-name=\"how-hear\"><select class=\"wpcf7-form-control wpcf7-select wpcf7-validates-as-required\" aria-required=\"true\" aria-invalid=\"false\" name=\"how-hear\"><option value=\"\">&#8212;Kies een optie&#8212;<\/option><option value=\"Euroweekly\">Euroweekly<\/option><option value=\"Female Focus\">Female Focus<\/option><option value=\"Costa Calida Chronicle\">Costa Calida Chronicle<\/option><option value=\"Facebook\">Facebook<\/option><option value=\"Individual&#039;s recommendation\">Individual&#039;s recommendation<\/option><option value=\"Google\">Google<\/option><option value=\"Other\">Other<\/option><\/select><\/span>\n<\/p>\n<div data-id=\"how-did-hear\" data-orig_data_id=\"how-did-hear\"  data-class=\"wpcf7cf_group\">\n\t<p><span class=\"wpcf7-form-control-wrap\" data-name=\"how-hear-other\"><input size=\"40\" class=\"wpcf7-form-control wpcf7-text form-control\" aria-invalid=\"false\" placeholder=\"Laat ons weten hoe\" value=\"\" type=\"text\" name=\"how-hear-other\" \/><\/span>\n\t<\/p>\n<\/div>\n\n<div class=\"row m0\">\n\t<p><input class=\"wpcf7-form-control has-spinner wpcf7-submit btn btn-default submit\" type=\"submit\" value=\"Nu Indienen\" \/>\n\t<\/p>\n<\/div><div class=\"wpcf7-response-output\" aria-hidden=\"true\"><\/div>\n<\/form>\n<\/div>\n<div class=\"blank-spacer clearfix  \"  style=\"margin-bottom:25px !important; clear:both;\"><\/div>[\/vc_column][\/vc_row]<\/p>\n<\/section>","protected":false},"excerpt":{"rendered":"<p>[vc_row][vc_column width=&#8221;2\/3&#8243;][vc_column_text]Deze producten zijn ideaal om uw pergola of terras af te sluiten, zodat u ze het hele jaar door kunt gebruiken. Je haalt echt het buitenleven naar binnen, ongeacht het weer. Als fabrikanten kunnen wij de meest concurrerende offertes en de beste producten aanbieden die vandaag op de markt beschikbaar zijn. Er wordt 10 [&hellip;]<\/p>\n","protected":false},"author":1,"featured_media":0,"parent":0,"menu_order":0,"comment_status":"closed","ping_status":"closed","template":"","meta":{"om_disable_all_campaigns":false,"_monsterinsights_skip_tracking":false,"_monsterinsights_sitenote_active":false,"_monsterinsights_sitenote_note":"","_monsterinsights_sitenote_category":0,"_uf_show_specific_survey":0,"_uf_disable_surveys":false},"acf":[],"aioseo_notices":[],"yoast_head":"<!-- This site is optimized with the Yoast SEO plugin v20.2.1 - https:\/\/yoast.com\/wordpress\/plugins\/seo\/ -->\n<title>Glazen gordijnen | Woodworks Direct<\/title>\n<meta name=\"description\" content=\"Deze producten zijn ideaal om uw pergola of terras af te sluiten, zodat u ze het hele jaar door kunt gebruiken. Je haalt echt het buitenleven naar binnen,\" \/>\n<meta name=\"robots\" content=\"index, follow, max-snippet:-1, max-image-preview:large, max-video-preview:-1\" \/>\n<link rel=\"canonical\" href=\"https:\/\/www.woodworksdirect.com\/nl\/glazen-gordijnen\/\" \/>\n<meta property=\"og:locale\" content=\"nl_NL\" \/>\n<meta property=\"og:type\" content=\"article\" \/>\n<meta property=\"og:title\" content=\"Glazen gordijnen | Woodworks Direct\" \/>\n<meta property=\"og:description\" content=\"Deze producten zijn ideaal om uw pergola of terras af te sluiten, zodat u ze het hele jaar door kunt gebruiken. Je haalt echt het buitenleven naar binnen,\" \/>\n<meta property=\"og:url\" content=\"https:\/\/www.woodworksdirect.com\/nl\/glazen-gordijnen\/\" \/>\n<meta property=\"og:site_name\" content=\"Woodworks Direct\" \/>\n<meta property=\"article:publisher\" content=\"https:\/\/www.facebook.com\/WoodWorksDirect\/\" \/>\n<meta property=\"article:modified_time\" content=\"2023-03-01T09:59:38+00:00\" \/>\n<meta name=\"twitter:card\" content=\"summary_large_image\" \/>\n<meta name=\"twitter:site\" content=\"@woodworksdirect\" \/>\n<meta name=\"twitter:label1\" content=\"Geschatte leestijd\" \/>\n\t<meta name=\"twitter:data1\" content=\"1 minuut\" \/>\n<script type=\"application\/ld+json\" class=\"yoast-schema-graph\">{\"@context\":\"https:\/\/schema.org\",\"@graph\":[{\"@type\":\"WebPage\",\"@id\":\"https:\/\/www.woodworksdirect.com\/nl\/glazen-gordijnen\/\",\"url\":\"https:\/\/www.woodworksdirect.com\/nl\/glazen-gordijnen\/\",\"name\":\"Glazen gordijnen | Woodworks Direct\",\"isPartOf\":{\"@id\":\"https:\/\/www.woodworksdirect.com\/nl\/#website\"},\"datePublished\":\"2017-08-02T08:35:50+00:00\",\"dateModified\":\"2023-03-01T09:59:38+00:00\",\"description\":\"Deze producten zijn ideaal om uw pergola of terras af te sluiten, zodat u ze het hele jaar door kunt gebruiken. Je haalt echt het buitenleven naar binnen,\",\"breadcrumb\":{\"@id\":\"https:\/\/www.woodworksdirect.com\/nl\/glazen-gordijnen\/#breadcrumb\"},\"inLanguage\":\"nl\",\"potentialAction\":[{\"@type\":\"ReadAction\",\"target\":[\"https:\/\/www.woodworksdirect.com\/nl\/glazen-gordijnen\/\"]}]},{\"@type\":\"BreadcrumbList\",\"@id\":\"https:\/\/www.woodworksdirect.com\/nl\/glazen-gordijnen\/#breadcrumb\",\"itemListElement\":[{\"@type\":\"ListItem\",\"position\":1,\"name\":\"Home\",\"item\":\"https:\/\/www.woodworksdirect.com\/nl\/\"},{\"@type\":\"ListItem\",\"position\":2,\"name\":\"Glazen gordijnen\"}]},{\"@type\":\"WebSite\",\"@id\":\"https:\/\/www.woodworksdirect.com\/nl\/#website\",\"url\":\"https:\/\/www.woodworksdirect.com\/nl\/\",\"name\":\"Woodworks Direct\",\"description\":\"Pergolas &amp; Carports delivered to your door.\",\"potentialAction\":[{\"@type\":\"SearchAction\",\"target\":{\"@type\":\"EntryPoint\",\"urlTemplate\":\"https:\/\/www.woodworksdirect.com\/nl\/?s={search_term_string}\"},\"query-input\":\"required name=search_term_string\"}],\"inLanguage\":\"nl\"}]}<\/script>\n<!-- \/ Yoast SEO plugin. -->","yoast_head_json":{"title":"Glazen gordijnen | Woodworks Direct","description":"Deze producten zijn ideaal om uw pergola of terras af te sluiten, zodat u ze het hele jaar door kunt gebruiken. Je haalt echt het buitenleven naar binnen,","robots":{"index":"index","follow":"follow","max-snippet":"max-snippet:-1","max-image-preview":"max-image-preview:large","max-video-preview":"max-video-preview:-1"},"canonical":"https:\/\/www.woodworksdirect.com\/nl\/glazen-gordijnen\/","og_locale":"nl_NL","og_type":"article","og_title":"Glazen gordijnen | Woodworks Direct","og_description":"Deze producten zijn ideaal om uw pergola of terras af te sluiten, zodat u ze het hele jaar door kunt gebruiken. Je haalt echt het buitenleven naar binnen,","og_url":"https:\/\/www.woodworksdirect.com\/nl\/glazen-gordijnen\/","og_site_name":"Woodworks Direct","article_publisher":"https:\/\/www.facebook.com\/WoodWorksDirect\/","article_modified_time":"2023-03-01T09:59:38+00:00","twitter_card":"summary_large_image","twitter_site":"@woodworksdirect","twitter_misc":{"Geschatte leestijd":"1 minuut"},"schema":{"@context":"https:\/\/schema.org","@graph":[{"@type":"WebPage","@id":"https:\/\/www.woodworksdirect.com\/nl\/glazen-gordijnen\/","url":"https:\/\/www.woodworksdirect.com\/nl\/glazen-gordijnen\/","name":"Glazen gordijnen | Woodworks Direct","isPartOf":{"@id":"https:\/\/www.woodworksdirect.com\/nl\/#website"},"datePublished":"2017-08-02T08:35:50+00:00","dateModified":"2023-03-01T09:59:38+00:00","description":"Deze producten zijn ideaal om uw pergola of terras af te sluiten, zodat u ze het hele jaar door kunt gebruiken. Je haalt echt het buitenleven naar binnen,","breadcrumb":{"@id":"https:\/\/www.woodworksdirect.com\/nl\/glazen-gordijnen\/#breadcrumb"},"inLanguage":"nl","potentialAction":[{"@type":"ReadAction","target":["https:\/\/www.woodworksdirect.com\/nl\/glazen-gordijnen\/"]}]},{"@type":"BreadcrumbList","@id":"https:\/\/www.woodworksdirect.com\/nl\/glazen-gordijnen\/#breadcrumb","itemListElement":[{"@type":"ListItem","position":1,"name":"Home","item":"https:\/\/www.woodworksdirect.com\/nl\/"},{"@type":"ListItem","position":2,"name":"Glazen gordijnen"}]},{"@type":"WebSite","@id":"https:\/\/www.woodworksdirect.com\/nl\/#website","url":"https:\/\/www.woodworksdirect.com\/nl\/","name":"Woodworks Direct","description":"Pergolas &amp; Carports delivered to your door.","potentialAction":[{"@type":"SearchAction","target":{"@type":"EntryPoint","urlTemplate":"https:\/\/www.woodworksdirect.com\/nl\/?s={search_term_string}"},"query-input":"required name=search_term_string"}],"inLanguage":"nl"}]}},"_links":{"self":[{"href":"https:\/\/www.woodworksdirect.com\/nl\/wp-json\/wp\/v2\/pages\/14700"}],"collection":[{"href":"https:\/\/www.woodworksdirect.com\/nl\/wp-json\/wp\/v2\/pages"}],"about":[{"href":"https:\/\/www.woodworksdirect.com\/nl\/wp-json\/wp\/v2\/types\/page"}],"author":[{"embeddable":true,"href":"https:\/\/www.woodworksdirect.com\/nl\/wp-json\/wp\/v2\/users\/1"}],"replies":[{"embeddable":true,"href":"https:\/\/www.woodworksdirect.com\/nl\/wp-json\/wp\/v2\/comments?post=14700"}],"version-history":[{"count":8,"href":"https:\/\/www.woodworksdirect.com\/nl\/wp-json\/wp\/v2\/pages\/14700\/revisions"}],"predecessor-version":[{"id":15139,"href":"https:\/\/www.woodworksdirect.com\/nl\/wp-json\/wp\/v2\/pages\/14700\/revisions\/15139"}],"wp:attachment":[{"href":"https:\/\/www.woodworksdirect.com\/nl\/wp-json\/wp\/v2\/media?parent=14700"}],"curies":[{"name":"wp","href":"https:\/\/api.w.org\/{rel}","templated":true}]}}