{"id":14874,"date":"2017-07-27T14:55:08","date_gmt":"2017-07-27T12:55:08","guid":{"rendered":"https:\/\/www.woodworksdirect.com\/cobertizos\/"},"modified":"2023-05-18T12:12:11","modified_gmt":"2023-05-18T10:12:11","slug":"casetas-casitas","status":"publish","type":"page","link":"https:\/\/www.woodworksdirect.com\/es\/casetas-casitas\/","title":{"rendered":"Casetas\/Casitas"},"content":{"rendered":"<section class=\"wpb-content-wrapper\"><p>[vc_row][vc_column width=\u00bb2\/3&#8243;]<div class=\"section_header tblock-box text-left  \"><h2 class=\"tblock \" >Caseta de madera artesanales<\/h2><\/div><div class=\"blank-spacer clearfix  \"  style=\"margin-bottom:25px !important; clear:both;\"><\/div>[vc_column_text]Nos complace poder ofrecer una amplia gama de cobertizos de madera maciza de buena calidad hechos a mano. Tenemos cobertizos y talleres de hobby, casas de esquina, e incluso peque\u00f1os cobertizos para el almacenamiento de camas solares o bicicletas. Esto le permite ampliar su casa o simplemente mantener ordenada su zona de estar exterior.<\/p>\n<p>Nuestros cobertizos est\u00e1n disponibles en diferentes tama\u00f1os y se pueden hacer a medida, as\u00ed que si no ve un tama\u00f1o en la lista, por favor pregunte. Puede elegir entre un tejado en forma de pent o un tejado en forma de \u00e1pice y todas nuestras estructuras est\u00e1n hechas de madera pesada de buena calidad (no como la mayor\u00eda de las que se venden aqu\u00ed en Espa\u00f1a). Todos nuestros cobertizos est\u00e1n enmarcados y completamente entablados utilizando madera de buena calidad. Vienen totalmente tratadas, lo que garantiza la prolongaci\u00f3n de la vida \u00fatil de su cobertizo.<\/p>\n<p>T\u00f3mese un tiempo para ver algunas fotos de lo que hemos hecho. Lea nuestros 4 sencillos pasos \u00abQu\u00e9 buscar al comprar su caseta\u00bb. Esto puede ayudarle a entender lo que obtiene por su dinero. Hay una raz\u00f3n por la que un cobertizo es barato. Pagando un poco m\u00e1s, obtendr\u00e1 un producto m\u00e1s duradero para que lo disfrute durante a\u00f1os y no se le volar\u00e1 con el viento ni se le deformar\u00e1 con el sol.[\/vc_column_text][vc_masonry_media_grid element_width=\u00bb6&#8243; grid_id=\u00bbvc_gid:1684397185121-23399189b53faf65e6653d14430364d4-6&#8243; include=\u00bb7911,10031,7915,7917&#8243;][vc_btn title=\u00bbVer galer\u00eda completa\u00bb color=\u00bbsuccess\u00bb align=\u00bbcenter\u00bb link=\u00bburl:https%3A%2F%2Fwww.staging.planet64.eu%2Fwwd%2Fes%2Fgalleries%2Fcobertizos%2F|\u00bb][vc_column_text]<\/p>\n<h3>Estructura de la pared<\/h3>\n<p>Todos nos hemos apoyado alguna vez en un cobertizo y hemos sentido que se mueve por nuestro propio peso o fuerza. Aqu\u00ed en Woodworks Direct no creemos que esto est\u00e9 bien, especialmente cuando la estructura es nueva o est\u00e1 en buenas condiciones. Con nuestro sistema de entramado de 2 x 2, que forma un marco estriado para empezar, a\u00f1adimos refuerzos adicionales en todas las esquinas; esto impide cualquier inclinaci\u00f3n o torsi\u00f3n del marco. Por lo tanto, si vives en lugares con viento, estos cobertizos no se volar\u00e1n.[\/vc_column_text][vc_masonry_media_grid element_width=\u00bb6&#8243; grid_id=\u00bbvc_gid:1684397185146-7830b095e7c1b77800a3955b24cf3952-6&#8243; include=\u00bb9653,9655&#8243;][vc_column_text]<\/p>\n<h3>Suelos y techos<\/h3>\n<p>Muchos cobertizos que se pueden comprar en tiendas de bricolaje se suministran con suelos y techos de aglomerado. Algunos cobertizos del mercado ni siquiera vienen con suelo para que el art\u00edculo parezca \u00abm\u00e1s barato\u00bb. No creemos que esto sea suficiente, incluso si son tratados por el clima. Al cabo de poco tiempo empezar\u00e1n a ceder y a pudrirse con los inviernos h\u00famedos. Utilizamos tablas de 20 mm de grosor para el techo y el suelo, que se asientan sobre vigas s\u00f3lidas de 3 \u00abx2\u00bb. Si las superficies no son las mejores, h\u00e1ganoslo saber y podemos subir las vigas del suelo a 4 \u00abx2\u00bb o incluso a 6 \u00abx2\u00bb.<\/p>\n<h3>Cubierta del techo<\/h3>\n<p>La cubierta de su cobertizo es probablemente la parte m\u00e1s importante de la estructura de madera. Si esto falla, el resto del cobertizo comenzar\u00e1 a deteriorarse. El uso de un fieltro de buena calidad es muy importante y nosotros utilizamos fieltro mineral de 40 kg, cualquier otro m\u00e1s fino y el sol secar\u00e1 el fieltro y lo volver\u00e1 quebradizo, luego el viento y la lluvia fuerte acabar\u00e1n con \u00e9l.<\/p>\n<p>Alternativamente, todos nuestros cobertizos pueden ser cubiertos con nuestro nuevo revestimiento de caucho EPDM que es perfecto para todo tipo de clima. Para m\u00e1s informaci\u00f3n sobre esta opci\u00f3n, <a href=\"https:\/\/www.woodworksdirect.com\/epdm-rubber-roofing-system\/\">haga clic aqu\u00ed<\/a>.[\/vc_column_text][vc_masonry_media_grid element_width=\u00bb6&#8243; grid_id=\u00bbvc_gid:1684397185162-3e269d1b04e1415b0b77c82b8970e8a5-6&#8243; include=\u00bb10035,10033&#8243;][vc_column_text]<\/p>\n<h3>Puertas<\/h3>\n<p>Otra parte importante del cobertizo es la puerta. Si esto no funciona correctamente y se cae, no podr\u00e1 entrar en su cobertizo ni cerrarlo f\u00e1cilmente. En este caso, se corre el riesgo de que invitados no deseados se sirvan del contenido. Muchas de las puertas que se compran tienen un buen aspecto cuando se adquieren, pero si no est\u00e1n hechas correctamente, el sol secar\u00e1 la madera y el pegamento. Entonces, despu\u00e9s de tan s\u00f3lo seis meses y de un uso intensivo, la puerta puede empezar a caerse o incluso deshacerse. Los refuerzos diagonales son muy importantes para sostener su puerta, usamos buenas tablas fuertes para que coincidan con las paredes y usamos salientes de 6 \u00abx2\u00bb y maderas de refuerzo para formar la fuerza de las crestas para durar el tiempo y el uso pesado.<\/p>\n<p>En nuestros muchos a\u00f1os de experiencia comprobamos que sustituimos regularmente los cobertizos presupuestarios y el consenso com\u00fan es el de la decepci\u00f3n. No s\u00f3lo que no ha durado mucho, sino que tener que sustituirlo les ha costado m\u00e1s dinero al final. Recuerde que tambi\u00e9n realizamos entregas gratuitas.<\/p>\n<p>Dado que fabricamos nuestros cobertizos por encargo, no s\u00f3lo podr\u00e1 elegir el tama\u00f1o que desee, sino que podr\u00e1 a\u00f1adir extras adicionales como: Ventanas, puertas de doble ancho, ventanas y puertas de doble acristalamiento y estanter\u00edas interiores. Es posible que desee trabajar en su cobertizo para que podamos aislar el techo y las paredes para garantizar un interior fresco (o c\u00e1lido en los meses m\u00e1s fr\u00edos del invierno) e incorporar la electricidad. Todos nuestros cobertizos vienen con bisagras de calidad y un cerrojo deslizante para mayor seguridad.<\/p>\n<p>P\u00f3ngase en contacto con nosotros hoy mismo para hablar de sus necesidades.[\/vc_column_text][vc_masonry_media_grid grid_id=\u00bbvc_gid:1684397185180-a21064fdc47f9cc5080ed24ae6f75c73-9&#8243; include=\u00bb9659,9661,9663&#8243;][vc_column_text]<\/p>\n<h3><b>Cerraduras y bisagras<\/b><\/h3>\n<p>El punto n\u00famero uno aqu\u00ed en <span id=\"m_-1314429120691813026:2ya.2\">Woodworks<\/span> Direct en todos los cobertizos es la seguridad de los art\u00edculos colocados dentro. Todos nuestros cobertizos vienen de serie con un cerrojo deslizante galvanizado de 150 mm listo para que coloque un buen candado s\u00f3lido. Estos cerrojos deslizantes se atornillan a lo largo de toda la puerta para asegurar el cerrojo en su lugar y que nadie pueda manipularlo. Esta es tambi\u00e9n otra caracter\u00edstica de nuestras bisagras en T para atornillar y asegurar la bisagra de 400 mm de longitud a la puerta y al atasco de la puerta extra grande dentro del cobertizo. Por supuesto, esto puede no ser adecuado para todas las peticiones de los clientes, as\u00ed que no dude en preguntar si necesita algo que no ve&#8230;[\/vc_column_text][vc_masonry_media_grid element_width=\u00bb6&#8243; grid_id=\u00bbvc_gid:1684397185196-8f5ad37b4a8f3ce37f4176f5a45ec00d-2&#8243; include=\u00bb9657&#8243;][vc_column_text]<\/p>\n<h3><b>Estanter\u00eda<\/b><\/h3>\n<p>\u00bfPor qu\u00e9 no a\u00f1adir estanter\u00edas personalizadas a su caseta o almac\u00e9n nuevo o ya existente? Fabricados a medida y seg\u00fan las necesidades del cliente, con la posibilidad de ser instalados por uno de nuestros equipos.[\/vc_column_text][vc_masonry_media_grid grid_id=\u00bbvc_gid:1684397185216-8584b0e72b3694cf02b62c1090df08ba-10&#8243; include=\u00bb10159&#8243;][vc_column_text]<\/p>\n<h3><b>Ventilaci\u00f3n<\/b><\/h3>\n<p>Ventile su espacio con nuestros nuevos respiraderos circulares y ventanas de techo.[\/vc_column_text][vc_masonry_media_grid grid_id=\u00bbvc_gid:1684397185233-4ea857e8fd4df4c952f2daa4fa68c3d6-1&#8243; include=\u00bb10161,10163,10165&#8243;][\/vc_column][vc_column width=\u00bb1\/3&#8243;]<div class=\"section_header tblock-box text-left  \"><h2 class=\"tblock \" >Cont\u00e1ctenos<\/h2><\/div><div class=\"blank-spacer clearfix  \"  style=\"margin-bottom:25px !important; clear:both;\"><\/div>\n<div class=\"wpcf7 no-js\" id=\"wpcf7-f14570-o1\" lang=\"es-ES\" dir=\"ltr\">\n<div class=\"screen-reader-response\"><p role=\"status\" aria-live=\"polite\" aria-atomic=\"true\"><\/p> <ul><\/ul><\/div>\n<form action=\"\/es\/wp-json\/wp\/v2\/pages\/14874#wpcf7-f14570-o1\" method=\"post\" class=\"wpcf7-form init\" aria-label=\"Formulario de contacto\" novalidate=\"novalidate\" data-status=\"init\">\n<div style=\"display: none;\">\n<input type=\"hidden\" name=\"_wpcf7\" value=\"14570\" \/>\n<input type=\"hidden\" name=\"_wpcf7_version\" value=\"5.7.4\" \/>\n<input type=\"hidden\" name=\"_wpcf7_locale\" value=\"es_ES\" \/>\n<input type=\"hidden\" name=\"_wpcf7_unit_tag\" value=\"wpcf7-f14570-o1\" \/>\n<input type=\"hidden\" name=\"_wpcf7_container_post\" value=\"0\" \/>\n<input type=\"hidden\" name=\"_wpcf7_posted_data_hash\" value=\"\" \/>\n<input type=\"hidden\" name=\"_wpcf7cf_hidden_group_fields\" value=\"[]\" \/>\n<input type=\"hidden\" name=\"_wpcf7cf_hidden_groups\" value=\"[]\" \/>\n<input type=\"hidden\" name=\"_wpcf7cf_visible_groups\" value=\"[]\" \/>\n<input type=\"hidden\" name=\"_wpcf7cf_repeaters\" value=\"[]\" \/>\n<input type=\"hidden\" name=\"_wpcf7cf_steps\" value=\"{}\" \/>\n<input type=\"hidden\" name=\"_wpcf7cf_options\" value=\"{&quot;form_id&quot;:14570,&quot;conditions&quot;:[{&quot;then_field&quot;:&quot;how-did-hear&quot;,&quot;and_rules&quot;:[{&quot;if_field&quot;:&quot;how-hear&quot;,&quot;operator&quot;:&quot;equals&quot;,&quot;if_value&quot;:&quot;Other&quot;}]}],&quot;settings&quot;:{&quot;animation&quot;:&quot;yes&quot;,&quot;animation_intime&quot;:200,&quot;animation_outtime&quot;:200,&quot;conditions_ui&quot;:&quot;normal&quot;,&quot;notice_dismissed&quot;:false}}\" \/>\n<input type=\"hidden\" name=\"_wpcf7_recaptcha_response\" value=\"\" \/>\n<\/div>\n<p><span class=\"wpcf7-form-control-wrap\" data-name=\"your-name\"><input size=\"40\" class=\"wpcf7-form-control wpcf7-text wpcf7-validates-as-required form-control\" aria-required=\"true\" aria-invalid=\"false\" placeholder=\"Nombre\" value=\"\" type=\"text\" name=\"your-name\" \/><\/span><br \/>\n<span class=\"wpcf7-form-control-wrap\" data-name=\"your-email\"><input size=\"40\" class=\"wpcf7-form-control wpcf7-text wpcf7-email wpcf7-validates-as-required wpcf7-validates-as-email form-control\" aria-required=\"true\" aria-invalid=\"false\" placeholder=\"Email\" value=\"\" type=\"email\" name=\"your-email\" \/><\/span><br \/>\n<span class=\"wpcf7-form-control-wrap\" data-name=\"your-email-confirm\"><input size=\"40\" class=\"wpcf7-form-control wpcf7-text wpcf7-email wpcf7-validates-as-required wpcf7-validates-as-email form-control\" aria-required=\"true\" aria-invalid=\"false\" placeholder=\"Confirmar Email\" value=\"\" type=\"email\" name=\"your-email-confirm\" \/><\/span><br \/>\n<span class=\"wpcf7-form-control-wrap\" data-name=\"telno\"><input size=\"40\" class=\"wpcf7-form-control wpcf7-text wpcf7-validates-as-required form-control\" aria-required=\"true\" aria-invalid=\"false\" placeholder=\"Tel\u00e9fono\" value=\"\" type=\"text\" name=\"telno\" \/><\/span><br \/>\n<span class=\"wpcf7-form-control-wrap\" data-name=\"location\"><input size=\"40\" class=\"wpcf7-form-control wpcf7-text wpcf7-validates-as-required form-control\" aria-required=\"true\" aria-invalid=\"false\" placeholder=\"Su pueblo\/ciudad m\u00e1s cercano\" value=\"\" type=\"text\" name=\"location\" \/><\/span><br \/>\n<span class=\"wpcf7-form-control-wrap\" data-name=\"your-subject\"><input size=\"40\" class=\"wpcf7-form-control wpcf7-text wpcf7-validates-as-required form-control\" aria-required=\"true\" aria-invalid=\"false\" placeholder=\"Asunto\" value=\"\" type=\"text\" name=\"your-subject\" \/><\/span><br \/>\n<span class=\"wpcf7-form-control-wrap\" data-name=\"your-message\"><textarea cols=\"40\" rows=\"6\" class=\"wpcf7-form-control wpcf7-textarea wpcf7-validates-as-required form-control\" aria-required=\"true\" aria-invalid=\"false\" placeholder=\"Mensaje\" name=\"your-message\"><\/textarea><\/span>\n<\/p>\n<div>\n\t<p>\u00bfC\u00f3mo se enter\u00f3 de nuestra existencia?\n\t<\/p>\n<\/div>\n<p><span class=\"wpcf7-form-control-wrap\" data-name=\"how-hear\"><select class=\"wpcf7-form-control wpcf7-select wpcf7-validates-as-required\" aria-required=\"true\" aria-invalid=\"false\" name=\"how-hear\"><option value=\"\">&#8212;Por favor, elige una opci\u00f3n&#8212;<\/option><option value=\"Euroweekly\">Euroweekly<\/option><option value=\"Female Focus\">Female Focus<\/option><option value=\"Costa Calida Chronicle\">Costa Calida Chronicle<\/option><option value=\"Facebook\">Facebook<\/option><option value=\"Individual&#039;s recommendation\">Individual&#039;s recommendation<\/option><option value=\"Google\">Google<\/option><option value=\"Other\">Other<\/option><\/select><\/span>\n<\/p>\n<div data-id=\"how-did-hear\" data-orig_data_id=\"how-did-hear\"  data-class=\"wpcf7cf_group\">\n\t<p><span class=\"wpcf7-form-control-wrap\" data-name=\"how-hear-other\"><input size=\"40\" class=\"wpcf7-form-control wpcf7-text form-control\" aria-invalid=\"false\" placeholder=\"H\u00e1ganos saber c\u00f3mo\" value=\"\" type=\"text\" name=\"how-hear-other\" \/><\/span>\n\t<\/p>\n<\/div>\n\n<div class=\"row m0\">\n\t<p><input class=\"wpcf7-form-control has-spinner wpcf7-submit btn btn-default submit\" type=\"submit\" value=\"Enviar Ahora\" \/>\n\t<\/p>\n<\/div><div class=\"wpcf7-response-output\" aria-hidden=\"true\"><\/div>\n<\/form>\n<\/div>\n<div class=\"blank-spacer clearfix  \"  style=\"margin-bottom:25px !important; clear:both;\"><\/div>[\/vc_column][\/vc_row]<\/p>\n<\/section>","protected":false},"excerpt":{"rendered":"<p>[vc_row][vc_column width=\u00bb2\/3&#8243;][vc_column_text]Nos complace poder ofrecer una amplia gama de cobertizos de madera maciza de buena calidad hechos a mano. Tenemos cobertizos y talleres de hobby, casas de esquina, e incluso peque\u00f1os cobertizos para el almacenamiento de camas solares o bicicletas. Esto le permite ampliar su casa o simplemente mantener ordenada su zona de estar exterior. [&hellip;]<\/p>\n","protected":false},"author":1,"featured_media":0,"parent":0,"menu_order":0,"comment_status":"closed","ping_status":"closed","template":"","meta":{"om_disable_all_campaigns":false,"_monsterinsights_skip_tracking":false,"_monsterinsights_sitenote_active":false,"_monsterinsights_sitenote_note":"","_monsterinsights_sitenote_category":0,"_uf_show_specific_survey":0,"_uf_disable_surveys":false},"acf":[],"aioseo_notices":[],"yoast_head":"<!-- This site is optimized with the Yoast SEO plugin v20.2.1 - https:\/\/yoast.com\/wordpress\/plugins\/seo\/ -->\n<title>Casetas\/Casitas | Woodworks Direct<\/title>\n<meta name=\"description\" content=\"Nos complace poder ofrecer una amplia gama de cobertizos de madera maciza de buena calidad hechos a mano. Tenemos cobertizos y talleres de hobby, casas de\" \/>\n<meta name=\"robots\" content=\"index, follow, max-snippet:-1, max-image-preview:large, max-video-preview:-1\" \/>\n<link rel=\"canonical\" href=\"https:\/\/www.woodworksdirect.com\/es\/casetas-casitas\/\" \/>\n<meta property=\"og:locale\" content=\"es_ES\" \/>\n<meta property=\"og:type\" content=\"article\" \/>\n<meta property=\"og:title\" content=\"Casetas\/Casitas | Woodworks Direct\" \/>\n<meta property=\"og:description\" content=\"Nos complace poder ofrecer una amplia gama de cobertizos de madera maciza de buena calidad hechos a mano. Tenemos cobertizos y talleres de hobby, casas de\" \/>\n<meta property=\"og:url\" content=\"https:\/\/www.woodworksdirect.com\/es\/casetas-casitas\/\" \/>\n<meta property=\"og:site_name\" content=\"Woodworks Direct\" \/>\n<meta property=\"article:publisher\" content=\"https:\/\/www.facebook.com\/WoodWorksDirect\/\" \/>\n<meta property=\"article:modified_time\" content=\"2023-05-18T10:12:11+00:00\" \/>\n<meta name=\"twitter:card\" content=\"summary_large_image\" \/>\n<meta name=\"twitter:site\" content=\"@woodworksdirect\" \/>\n<meta name=\"twitter:label1\" content=\"Tiempo de lectura\" \/>\n\t<meta name=\"twitter:data1\" content=\"5 minutos\" \/>\n<script type=\"application\/ld+json\" class=\"yoast-schema-graph\">{\"@context\":\"https:\/\/schema.org\",\"@graph\":[{\"@type\":\"WebPage\",\"@id\":\"https:\/\/www.woodworksdirect.com\/es\/casetas-casitas\/\",\"url\":\"https:\/\/www.woodworksdirect.com\/es\/casetas-casitas\/\",\"name\":\"Casetas\/Casitas | Woodworks Direct\",\"isPartOf\":{\"@id\":\"https:\/\/www.woodworksdirect.com\/es\/#website\"},\"datePublished\":\"2017-07-27T12:55:08+00:00\",\"dateModified\":\"2023-05-18T10:12:11+00:00\",\"description\":\"Nos complace poder ofrecer una amplia gama de cobertizos de madera maciza de buena calidad hechos a mano. Tenemos cobertizos y talleres de hobby, casas de\",\"breadcrumb\":{\"@id\":\"https:\/\/www.woodworksdirect.com\/es\/casetas-casitas\/#breadcrumb\"},\"inLanguage\":\"es\",\"potentialAction\":[{\"@type\":\"ReadAction\",\"target\":[\"https:\/\/www.woodworksdirect.com\/es\/casetas-casitas\/\"]}]},{\"@type\":\"BreadcrumbList\",\"@id\":\"https:\/\/www.woodworksdirect.com\/es\/casetas-casitas\/#breadcrumb\",\"itemListElement\":[{\"@type\":\"ListItem\",\"position\":1,\"name\":\"Home\",\"item\":\"https:\/\/www.woodworksdirect.com\/es\/\"},{\"@type\":\"ListItem\",\"position\":2,\"name\":\"Casetas\/Casitas\"}]},{\"@type\":\"WebSite\",\"@id\":\"https:\/\/www.woodworksdirect.com\/es\/#website\",\"url\":\"https:\/\/www.woodworksdirect.com\/es\/\",\"name\":\"Woodworks Direct\",\"description\":\"Pergolas &amp; Carports delivered to your door.\",\"potentialAction\":[{\"@type\":\"SearchAction\",\"target\":{\"@type\":\"EntryPoint\",\"urlTemplate\":\"https:\/\/www.woodworksdirect.com\/es\/?s={search_term_string}\"},\"query-input\":\"required name=search_term_string\"}],\"inLanguage\":\"es\"}]}<\/script>\n<!-- \/ Yoast SEO plugin. -->","yoast_head_json":{"title":"Casetas\/Casitas | Woodworks Direct","description":"Nos complace poder ofrecer una amplia gama de cobertizos de madera maciza de buena calidad hechos a mano. Tenemos cobertizos y talleres de hobby, casas de","robots":{"index":"index","follow":"follow","max-snippet":"max-snippet:-1","max-image-preview":"max-image-preview:large","max-video-preview":"max-video-preview:-1"},"canonical":"https:\/\/www.woodworksdirect.com\/es\/casetas-casitas\/","og_locale":"es_ES","og_type":"article","og_title":"Casetas\/Casitas | Woodworks Direct","og_description":"Nos complace poder ofrecer una amplia gama de cobertizos de madera maciza de buena calidad hechos a mano. Tenemos cobertizos y talleres de hobby, casas de","og_url":"https:\/\/www.woodworksdirect.com\/es\/casetas-casitas\/","og_site_name":"Woodworks Direct","article_publisher":"https:\/\/www.facebook.com\/WoodWorksDirect\/","article_modified_time":"2023-05-18T10:12:11+00:00","twitter_card":"summary_large_image","twitter_site":"@woodworksdirect","twitter_misc":{"Tiempo de lectura":"5 minutos"},"schema":{"@context":"https:\/\/schema.org","@graph":[{"@type":"WebPage","@id":"https:\/\/www.woodworksdirect.com\/es\/casetas-casitas\/","url":"https:\/\/www.woodworksdirect.com\/es\/casetas-casitas\/","name":"Casetas\/Casitas | Woodworks Direct","isPartOf":{"@id":"https:\/\/www.woodworksdirect.com\/es\/#website"},"datePublished":"2017-07-27T12:55:08+00:00","dateModified":"2023-05-18T10:12:11+00:00","description":"Nos complace poder ofrecer una amplia gama de cobertizos de madera maciza de buena calidad hechos a mano. Tenemos cobertizos y talleres de hobby, casas de","breadcrumb":{"@id":"https:\/\/www.woodworksdirect.com\/es\/casetas-casitas\/#breadcrumb"},"inLanguage":"es","potentialAction":[{"@type":"ReadAction","target":["https:\/\/www.woodworksdirect.com\/es\/casetas-casitas\/"]}]},{"@type":"BreadcrumbList","@id":"https:\/\/www.woodworksdirect.com\/es\/casetas-casitas\/#breadcrumb","itemListElement":[{"@type":"ListItem","position":1,"name":"Home","item":"https:\/\/www.woodworksdirect.com\/es\/"},{"@type":"ListItem","position":2,"name":"Casetas\/Casitas"}]},{"@type":"WebSite","@id":"https:\/\/www.woodworksdirect.com\/es\/#website","url":"https:\/\/www.woodworksdirect.com\/es\/","name":"Woodworks Direct","description":"Pergolas &amp; Carports delivered to your door.","potentialAction":[{"@type":"SearchAction","target":{"@type":"EntryPoint","urlTemplate":"https:\/\/www.woodworksdirect.com\/es\/?s={search_term_string}"},"query-input":"required name=search_term_string"}],"inLanguage":"es"}]}},"_links":{"self":[{"href":"https:\/\/www.woodworksdirect.com\/es\/wp-json\/wp\/v2\/pages\/14874"}],"collection":[{"href":"https:\/\/www.woodworksdirect.com\/es\/wp-json\/wp\/v2\/pages"}],"about":[{"href":"https:\/\/www.woodworksdirect.com\/es\/wp-json\/wp\/v2\/types\/page"}],"author":[{"embeddable":true,"href":"https:\/\/www.woodworksdirect.com\/es\/wp-json\/wp\/v2\/users\/1"}],"replies":[{"embeddable":true,"href":"https:\/\/www.woodworksdirect.com\/es\/wp-json\/wp\/v2\/comments?post=14874"}],"version-history":[{"count":10,"href":"https:\/\/www.woodworksdirect.com\/es\/wp-json\/wp\/v2\/pages\/14874\/revisions"}],"predecessor-version":[{"id":15540,"href":"https:\/\/www.woodworksdirect.com\/es\/wp-json\/wp\/v2\/pages\/14874\/revisions\/15540"}],"wp:attachment":[{"href":"https:\/\/www.woodworksdirect.com\/es\/wp-json\/wp\/v2\/media?parent=14874"}],"curies":[{"name":"wp","href":"https:\/\/api.w.org\/{rel}","templated":true}]}}