{"id":14740,"date":"2019-03-04T13:23:26","date_gmt":"2019-03-04T12:23:26","guid":{"rendered":"https:\/\/www.woodworksdirect.com\/estudios-cuartos-de-jardin-aislados\/"},"modified":"2023-02-28T11:00:21","modified_gmt":"2023-02-28T10:00:21","slug":"estudios-cuartos-de-jardin-aislados","status":"publish","type":"page","link":"https:\/\/www.woodworksdirect.com\/es\/estudios-cuartos-de-jardin-aislados\/","title":{"rendered":"Estudios \/ Cuartos de jard\u00edn aislados"},"content":{"rendered":"<section class=\"wpb-content-wrapper\"><p>[vc_row][vc_column][vc_single_image image=\u00bb11085&#8243; img_size=\u00bbfull\u00bb alignment=\u00bbcenter\u00bb onclick=\u00bbzoom\u00bb]<div class=\"section_header tblock-box text-center  \"><h1 class=\"tblock \" >Estudios \/ Cuartos de jard\u00edn aislados<\/h1><\/div><div class=\"blank-spacer clearfix  \"  style=\"margin-bottom:25px !important; clear:both;\"><\/div>[vc_masonry_media_grid gap=\u00bb20&#8243; grid_id=\u00bbvc_gid:1677578201947-80631e52-476d-2&#8243; include=\u00bb9717,10407,11061&#8243;][vc_column_text]Woodworks Direct ofrece una amplia gama de m\u00f3dulos aislados multiuso que son perfectos como estudios, casas de verano, salas de jard\u00edn y oficinas exteriores.<\/p>\n<p>Fabricado a medida utilizando nuestros tableros machihembrados de 22 mm en el exterior, y tableros de 19 mm en el interior. Est\u00e1 construido en torno a un marco interno con tirantes diagonales y totalmente aislado para dar a todas las estructuras una sensaci\u00f3n de solidez.[\/vc_column_text][vc_single_image image=\u00bb10451&#8243; img_size=\u00bbfull\u00bb alignment=\u00bbcenter\u00bb][\/vc_column][\/vc_row][vc_row][vc_column]<div class=\"section_header tblock-box text-left  \"><h1 class=\"tblock \" >Personalizaci\u00f3n<\/h1><\/div><div class=\"blank-spacer clearfix  \"  style=\"margin-bottom:20px !important; clear:both;\"><\/div>[vc_column_text]Woodworks Direct fabrica cada uno de los marcos a medida de las necesidades de sus clientes. Ofrecemos una serie de opciones personalizables para asegurarnos de que hacemos exactamente lo que usted ha imaginado.<\/p>\n<p>De este modo, puede elegir el dise\u00f1o, la forma, la longitud, la anchura y la distribuci\u00f3n interior, junto con la elecci\u00f3n de diferentes opciones de techo, puertas y ventanas. Esto nos permite crear un marco que se adapte a sus necesidades exactas y le da un toque personalizado \u00fanico.[\/vc_column_text]<div class=\"blank-spacer clearfix  \"  style=\"margin-bottom:20px !important; clear:both;\"><\/div><div class=\"section_header tblock-box text-left  \"><h1 class=\"tblock \" >Interior<\/h1><\/div><div class=\"blank-spacer clearfix  \"  style=\"margin-bottom:15px !important; clear:both;\"><\/div>[vc_column_text]Utilizamos nuestras tablas machihembradas de 19 mm para el interior de nuestros m\u00f3dulos aislados. De este modo, se consigue un acabado profesional y suave que resulta est\u00e9tico y pr\u00e1ctico.<\/p>\n<p>Como estas tablas no est\u00e1n expuestas a la intemperie, las dejamos en su estado natural sin tratarlas, pero se pueden pintar despu\u00e9s de la instalaci\u00f3n si es necesario.[\/vc_column_text][vc_media_grid initial_loading_animation=\u00bbnone\u00bb grid_id=\u00bbvc_gid:1677578201951-2db1a712-e258-8&#8243; include=\u00bb9725,10467,9721&#8243;]<div class=\"blank-spacer clearfix  15\" ><\/div><div class=\"section_header tblock-box text-left  \"><h1 class=\"tblock noline\" >Contenido estructural est\u00e1ndar<\/h1><\/div><div class=\"blank-spacer clearfix  20\" ><\/div>[vc_column_text]<\/p>\n<ul>\n<li>Todos los suelos vienen entablados con maderas de 22 m de grosor para mayor resistencia<\/li>\n<li>Las paredes exteriores est\u00e1n revestidas con maderas de 22 mm de grosor<\/li>\n<li>Todas las paredes est\u00e1n completamente aisladas<\/li>\n<li>Las paredes interiores est\u00e1n revestidas con maderas de 19 mm de grosor<\/li>\n<li>Todas las ventanas y puertas son de aluminio y est\u00e1n disponibles en marr\u00f3n o blanco<\/li>\n<li>Las puertas y ventanas son de doble acristalamiento con un sistema de cierre de 3 puntos<\/li>\n<li>Sistema de tejado s\u00e1ndwich aislado disponible con nuestra cubierta blanca reflectante del sol o con efecto de teja tecca<\/li>\n<li>Todo completamente aislado de 50mm de espesor y con un bonito acabado de techo blanco en el interior<\/li>\n<li>Instalaci\u00f3n de la electricidad de primera fijaci\u00f3n en el interior de la pared, con un n\u00famero de enchufes dobles en todo el edificio.<\/li>\n<li>Sistema de iluminaci\u00f3n de primera fijaci\u00f3n preparado seg\u00fan sus necesidades, todo listo para la conexi\u00f3n.<\/li>\n<li>Opci\u00f3n de que la fontaner\u00eda se fije primero y est\u00e9 lista en las paredes si es necesario<\/li>\n<\/ul>\n<p>[\/vc_column_text]<div class=\"blank-spacer clearfix  \"  style=\"margin-bottom:20px !important; clear:both;\"><\/div>[vc_media_grid grid_id=\u00bbvc_gid:1677578201955-75f17fde-16a2-3&#8243; include=\u00bb10515,9633,10529&#8243;][\/vc_column][\/vc_row]<\/p>\n<\/section>","protected":false},"excerpt":{"rendered":"<p>[vc_row][vc_column][vc_single_image image=\u00bb11085&#8243; img_size=\u00bbfull\u00bb alignment=\u00bbcenter\u00bb onclick=\u00bbzoom\u00bb][vc_masonry_media_grid gap=\u00bb20&#8243; grid_id=\u00bbvc_gid:1677578201947-80631e52-476d-2&#8243; include=\u00bb9717,10407,11061&#8243;][vc_column_text]Woodworks Direct ofrece una amplia gama de m\u00f3dulos aislados multiuso que son perfectos como estudios, casas de verano, salas de jard\u00edn y oficinas exteriores. Fabricado a medida utilizando nuestros tableros machihembrados de 22 mm en el exterior, y tableros de 19 mm en el interior. Est\u00e1 construido en [&hellip;]<\/p>\n","protected":false},"author":3,"featured_media":0,"parent":0,"menu_order":0,"comment_status":"closed","ping_status":"closed","template":"","meta":{"om_disable_all_campaigns":false,"_monsterinsights_skip_tracking":false,"_monsterinsights_sitenote_active":false,"_monsterinsights_sitenote_note":"","_monsterinsights_sitenote_category":0,"_uf_show_specific_survey":0,"_uf_disable_surveys":false},"acf":[],"aioseo_notices":[],"yoast_head":"<!-- This site is optimized with the Yoast SEO plugin v20.2.1 - https:\/\/yoast.com\/wordpress\/plugins\/seo\/ -->\n<title>Estudios \/ Cuartos de jard\u00edn aislados | Woodworks Direct<\/title>\n<meta name=\"description\" content=\"Woodworks Direct ofrece una amplia gama de m\u00f3dulos aislados multiuso que son perfectos como estudios, casas de verano, salas de jard\u00edn y oficinas\" \/>\n<meta name=\"robots\" content=\"index, follow, max-snippet:-1, max-image-preview:large, max-video-preview:-1\" \/>\n<link rel=\"canonical\" href=\"https:\/\/www.woodworksdirect.com\/es\/estudios-cuartos-de-jardin-aislados\/\" \/>\n<meta property=\"og:locale\" content=\"es_ES\" \/>\n<meta property=\"og:type\" content=\"article\" \/>\n<meta property=\"og:title\" content=\"Estudios \/ Cuartos de jard\u00edn aislados | Woodworks Direct\" \/>\n<meta property=\"og:description\" content=\"Woodworks Direct ofrece una amplia gama de m\u00f3dulos aislados multiuso que son perfectos como estudios, casas de verano, salas de jard\u00edn y oficinas\" \/>\n<meta property=\"og:url\" content=\"https:\/\/www.woodworksdirect.com\/es\/estudios-cuartos-de-jardin-aislados\/\" \/>\n<meta property=\"og:site_name\" content=\"Woodworks Direct\" \/>\n<meta property=\"article:publisher\" content=\"https:\/\/www.facebook.com\/WoodWorksDirect\/\" \/>\n<meta property=\"article:modified_time\" content=\"2023-02-28T10:00:21+00:00\" \/>\n<meta name=\"twitter:card\" content=\"summary_large_image\" \/>\n<meta name=\"twitter:site\" content=\"@woodworksdirect\" \/>\n<meta name=\"twitter:label1\" content=\"Tiempo de lectura\" \/>\n\t<meta name=\"twitter:data1\" content=\"2 minutos\" \/>\n<script type=\"application\/ld+json\" class=\"yoast-schema-graph\">{\"@context\":\"https:\/\/schema.org\",\"@graph\":[{\"@type\":\"WebPage\",\"@id\":\"https:\/\/www.woodworksdirect.com\/es\/estudios-cuartos-de-jardin-aislados\/\",\"url\":\"https:\/\/www.woodworksdirect.com\/es\/estudios-cuartos-de-jardin-aislados\/\",\"name\":\"Estudios \/ Cuartos de jard\u00edn aislados | Woodworks Direct\",\"isPartOf\":{\"@id\":\"https:\/\/www.woodworksdirect.com\/es\/#website\"},\"datePublished\":\"2019-03-04T12:23:26+00:00\",\"dateModified\":\"2023-02-28T10:00:21+00:00\",\"description\":\"Woodworks Direct ofrece una amplia gama de m\u00f3dulos aislados multiuso que son perfectos como estudios, casas de verano, salas de jard\u00edn y oficinas\",\"breadcrumb\":{\"@id\":\"https:\/\/www.woodworksdirect.com\/es\/estudios-cuartos-de-jardin-aislados\/#breadcrumb\"},\"inLanguage\":\"es\",\"potentialAction\":[{\"@type\":\"ReadAction\",\"target\":[\"https:\/\/www.woodworksdirect.com\/es\/estudios-cuartos-de-jardin-aislados\/\"]}]},{\"@type\":\"BreadcrumbList\",\"@id\":\"https:\/\/www.woodworksdirect.com\/es\/estudios-cuartos-de-jardin-aislados\/#breadcrumb\",\"itemListElement\":[{\"@type\":\"ListItem\",\"position\":1,\"name\":\"Home\",\"item\":\"https:\/\/www.woodworksdirect.com\/es\/\"},{\"@type\":\"ListItem\",\"position\":2,\"name\":\"Estudios \/ Cuartos de jard\u00edn aislados\"}]},{\"@type\":\"WebSite\",\"@id\":\"https:\/\/www.woodworksdirect.com\/es\/#website\",\"url\":\"https:\/\/www.woodworksdirect.com\/es\/\",\"name\":\"Woodworks Direct\",\"description\":\"Pergolas &amp; Carports delivered to your door.\",\"potentialAction\":[{\"@type\":\"SearchAction\",\"target\":{\"@type\":\"EntryPoint\",\"urlTemplate\":\"https:\/\/www.woodworksdirect.com\/es\/?s={search_term_string}\"},\"query-input\":\"required name=search_term_string\"}],\"inLanguage\":\"es\"}]}<\/script>\n<!-- \/ Yoast SEO plugin. -->","yoast_head_json":{"title":"Estudios \/ Cuartos de jard\u00edn aislados | Woodworks Direct","description":"Woodworks Direct ofrece una amplia gama de m\u00f3dulos aislados multiuso que son perfectos como estudios, casas de verano, salas de jard\u00edn y oficinas","robots":{"index":"index","follow":"follow","max-snippet":"max-snippet:-1","max-image-preview":"max-image-preview:large","max-video-preview":"max-video-preview:-1"},"canonical":"https:\/\/www.woodworksdirect.com\/es\/estudios-cuartos-de-jardin-aislados\/","og_locale":"es_ES","og_type":"article","og_title":"Estudios \/ Cuartos de jard\u00edn aislados | Woodworks Direct","og_description":"Woodworks Direct ofrece una amplia gama de m\u00f3dulos aislados multiuso que son perfectos como estudios, casas de verano, salas de jard\u00edn y oficinas","og_url":"https:\/\/www.woodworksdirect.com\/es\/estudios-cuartos-de-jardin-aislados\/","og_site_name":"Woodworks Direct","article_publisher":"https:\/\/www.facebook.com\/WoodWorksDirect\/","article_modified_time":"2023-02-28T10:00:21+00:00","twitter_card":"summary_large_image","twitter_site":"@woodworksdirect","twitter_misc":{"Tiempo de lectura":"2 minutos"},"schema":{"@context":"https:\/\/schema.org","@graph":[{"@type":"WebPage","@id":"https:\/\/www.woodworksdirect.com\/es\/estudios-cuartos-de-jardin-aislados\/","url":"https:\/\/www.woodworksdirect.com\/es\/estudios-cuartos-de-jardin-aislados\/","name":"Estudios \/ Cuartos de jard\u00edn aislados | Woodworks Direct","isPartOf":{"@id":"https:\/\/www.woodworksdirect.com\/es\/#website"},"datePublished":"2019-03-04T12:23:26+00:00","dateModified":"2023-02-28T10:00:21+00:00","description":"Woodworks Direct ofrece una amplia gama de m\u00f3dulos aislados multiuso que son perfectos como estudios, casas de verano, salas de jard\u00edn y oficinas","breadcrumb":{"@id":"https:\/\/www.woodworksdirect.com\/es\/estudios-cuartos-de-jardin-aislados\/#breadcrumb"},"inLanguage":"es","potentialAction":[{"@type":"ReadAction","target":["https:\/\/www.woodworksdirect.com\/es\/estudios-cuartos-de-jardin-aislados\/"]}]},{"@type":"BreadcrumbList","@id":"https:\/\/www.woodworksdirect.com\/es\/estudios-cuartos-de-jardin-aislados\/#breadcrumb","itemListElement":[{"@type":"ListItem","position":1,"name":"Home","item":"https:\/\/www.woodworksdirect.com\/es\/"},{"@type":"ListItem","position":2,"name":"Estudios \/ Cuartos de jard\u00edn aislados"}]},{"@type":"WebSite","@id":"https:\/\/www.woodworksdirect.com\/es\/#website","url":"https:\/\/www.woodworksdirect.com\/es\/","name":"Woodworks Direct","description":"Pergolas &amp; Carports delivered to your door.","potentialAction":[{"@type":"SearchAction","target":{"@type":"EntryPoint","urlTemplate":"https:\/\/www.woodworksdirect.com\/es\/?s={search_term_string}"},"query-input":"required name=search_term_string"}],"inLanguage":"es"}]}},"_links":{"self":[{"href":"https:\/\/www.woodworksdirect.com\/es\/wp-json\/wp\/v2\/pages\/14740"}],"collection":[{"href":"https:\/\/www.woodworksdirect.com\/es\/wp-json\/wp\/v2\/pages"}],"about":[{"href":"https:\/\/www.woodworksdirect.com\/es\/wp-json\/wp\/v2\/types\/page"}],"author":[{"embeddable":true,"href":"https:\/\/www.woodworksdirect.com\/es\/wp-json\/wp\/v2\/users\/3"}],"replies":[{"embeddable":true,"href":"https:\/\/www.woodworksdirect.com\/es\/wp-json\/wp\/v2\/comments?post=14740"}],"version-history":[{"count":10,"href":"https:\/\/www.woodworksdirect.com\/es\/wp-json\/wp\/v2\/pages\/14740\/revisions"}],"predecessor-version":[{"id":15100,"href":"https:\/\/www.woodworksdirect.com\/es\/wp-json\/wp\/v2\/pages\/14740\/revisions\/15100"}],"wp:attachment":[{"href":"https:\/\/www.woodworksdirect.com\/es\/wp-json\/wp\/v2\/media?parent=14740"}],"curies":[{"name":"wp","href":"https:\/\/api.w.org\/{rel}","templated":true}]}}