{"id":14724,"date":"2019-04-04T13:14:31","date_gmt":"2019-04-04T11:14:31","guid":{"rendered":"https:\/\/www.woodworksdirect.com\/establos-y-refugios\/"},"modified":"2023-03-14T12:01:50","modified_gmt":"2023-03-14T11:01:50","slug":"establos-y-refugios-para-caballos","status":"publish","type":"page","link":"https:\/\/www.woodworksdirect.com\/es\/establos-y-refugios-para-caballos\/","title":{"rendered":"Establos y Refugios para caballos"},"content":{"rendered":"<section class=\"wpb-content-wrapper\"><p>[vc_row][vc_column]<div class=\"section_header tblock-box text-left  \"><h1 class=\"tblock \" >establos &amp; refugios<\/h1><\/div><div class=\"blank-spacer clearfix  \"  style=\"margin-bottom:25px !important; clear:both;\"><\/div>[vc_column_text]En Woodworks Direct tambi\u00e9n nos apasionan los establos, con el objetivo de construir estructuras perfectas para albergar a sus queridos caballos y burros. Sabemos que en la mayor\u00eda de los hogares amantes de los caballos, los animales son lo primero y no quieren nada m\u00e1s que un gran entorno y unas construcciones s\u00f3lidas.[\/vc_column_text][vc_masonry_media_grid gap=\u00bb10&#8243; initial_loading_animation=\u00bbfadeIn\u00bb grid_id=\u00bbvc_gid:1678791220862-bec6088b-e0c9-9&#8243; include=\u00bb10169,10175,10173&#8243;]<div class=\"blank-spacer clearfix  \"  style=\"margin-bottom:25px !important; clear:both;\"><\/div>[vc_column_text]Escuchamos las necesidades de todos los clientes y personalizamos nuestras estructuras para que se adapten a sus necesidades, ya sea para un solo caballo o para varios.<\/p>\n<p>Ofrece guadarn\u00e9s y establos de heno con puestos de acicalamiento fuera del sol.<\/p>\n<p>Tambi\u00e9n podemos suministrar todas las vallas y puertas. Los postes que se hormigonan en el suelo vienen protegidos por nuestros Salvapostes, para garantizar su durabilidad.<\/p>\n<p>Los refugios en el paddock son esenciales aqu\u00ed en Espa\u00f1a para proporcionar sombra contra el sol. Woodworks Direct puede combinar establos y refugios para obtener una estructura polivalente si el espacio o el presupuesto son un problema.[\/vc_column_text][vc_masonry_media_grid gap=\u00bb20&#8243; grid_id=\u00bbvc_gid:1678791220867-7c8f7be8-b463-7&#8243; include=\u00bb10391,10393,10395&#8243;][vc_column_text]Nuestras l\u00e1minas de techo reflectantes del sol funcionan muy bien para los establos, ya que no se calientan y mantienen todo lo que hay debajo fresco y aireado.[\/vc_column_text][vc_masonry_media_grid element_width=\u00bb6&#8243; gap=\u00bb20&#8243; grid_id=\u00bbvc_gid:1678791220870-62928a88-9b99-6&#8243; include=\u00bb10397,10405&#8243;][vc_column_text]Las puertas son s\u00f3lidas con bisagras y pernos extra fuertes. Junto con todas las paredes internas, \u00e9stas pueden venir con paredes extra fuertes adicionales para los caballos mas \u00abanimados\u00bb.[\/vc_column_text][\/vc_column][\/vc_row]<\/p>\n<\/section>","protected":false},"excerpt":{"rendered":"<p>[vc_row][vc_column][vc_column_text]En Woodworks Direct tambi\u00e9n nos apasionan los establos, con el objetivo de construir estructuras perfectas para albergar a sus queridos caballos y burros. Sabemos que en la mayor\u00eda de los hogares amantes de los caballos, los animales son lo primero y no quieren nada m\u00e1s que un gran entorno y unas construcciones s\u00f3lidas.[\/vc_column_text][vc_masonry_media_grid gap=\u00bb10&#8243; initial_loading_animation=\u00bbfadeIn\u00bb [&hellip;]<\/p>\n","protected":false},"author":3,"featured_media":0,"parent":0,"menu_order":0,"comment_status":"closed","ping_status":"closed","template":"","meta":{"om_disable_all_campaigns":false,"_monsterinsights_skip_tracking":false,"_monsterinsights_sitenote_active":false,"_monsterinsights_sitenote_note":"","_monsterinsights_sitenote_category":0,"_uf_show_specific_survey":0,"_uf_disable_surveys":false},"acf":[],"aioseo_notices":[],"yoast_head":"<!-- This site is optimized with the Yoast SEO plugin v20.2.1 - https:\/\/yoast.com\/wordpress\/plugins\/seo\/ -->\n<title>Establos y Refugios para caballos | Woodworks Direct<\/title>\n<meta name=\"description\" content=\"En Woodworks Direct tambi\u00e9n nos apasionan los establos, con el objetivo de construir estructuras perfectas para albergar a sus queridos caballos y burros.\" \/>\n<meta name=\"robots\" content=\"index, follow, max-snippet:-1, max-image-preview:large, max-video-preview:-1\" \/>\n<link rel=\"canonical\" href=\"https:\/\/www.woodworksdirect.com\/es\/establos-y-refugios-para-caballos\/\" \/>\n<meta property=\"og:locale\" content=\"es_ES\" \/>\n<meta property=\"og:type\" content=\"article\" \/>\n<meta property=\"og:title\" content=\"Establos y Refugios para caballos | Woodworks Direct\" \/>\n<meta property=\"og:description\" content=\"En Woodworks Direct tambi\u00e9n nos apasionan los establos, con el objetivo de construir estructuras perfectas para albergar a sus queridos caballos y burros.\" \/>\n<meta property=\"og:url\" content=\"https:\/\/www.woodworksdirect.com\/es\/establos-y-refugios-para-caballos\/\" \/>\n<meta property=\"og:site_name\" content=\"Woodworks Direct\" \/>\n<meta property=\"article:publisher\" content=\"https:\/\/www.facebook.com\/WoodWorksDirect\/\" \/>\n<meta property=\"article:modified_time\" content=\"2023-03-14T11:01:50+00:00\" \/>\n<meta name=\"twitter:card\" content=\"summary_large_image\" \/>\n<meta name=\"twitter:site\" content=\"@woodworksdirect\" \/>\n<meta name=\"twitter:label1\" content=\"Tiempo de lectura\" \/>\n\t<meta name=\"twitter:data1\" content=\"1 minuto\" \/>\n<script type=\"application\/ld+json\" class=\"yoast-schema-graph\">{\"@context\":\"https:\/\/schema.org\",\"@graph\":[{\"@type\":\"WebPage\",\"@id\":\"https:\/\/www.woodworksdirect.com\/es\/establos-y-refugios-para-caballos\/\",\"url\":\"https:\/\/www.woodworksdirect.com\/es\/establos-y-refugios-para-caballos\/\",\"name\":\"Establos y Refugios para caballos | Woodworks Direct\",\"isPartOf\":{\"@id\":\"https:\/\/www.woodworksdirect.com\/es\/#website\"},\"datePublished\":\"2019-04-04T11:14:31+00:00\",\"dateModified\":\"2023-03-14T11:01:50+00:00\",\"description\":\"En Woodworks Direct tambi\u00e9n nos apasionan los establos, con el objetivo de construir estructuras perfectas para albergar a sus queridos caballos y burros.\",\"breadcrumb\":{\"@id\":\"https:\/\/www.woodworksdirect.com\/es\/establos-y-refugios-para-caballos\/#breadcrumb\"},\"inLanguage\":\"es\",\"potentialAction\":[{\"@type\":\"ReadAction\",\"target\":[\"https:\/\/www.woodworksdirect.com\/es\/establos-y-refugios-para-caballos\/\"]}]},{\"@type\":\"BreadcrumbList\",\"@id\":\"https:\/\/www.woodworksdirect.com\/es\/establos-y-refugios-para-caballos\/#breadcrumb\",\"itemListElement\":[{\"@type\":\"ListItem\",\"position\":1,\"name\":\"Home\",\"item\":\"https:\/\/www.woodworksdirect.com\/es\/\"},{\"@type\":\"ListItem\",\"position\":2,\"name\":\"Establos y Refugios para caballos\"}]},{\"@type\":\"WebSite\",\"@id\":\"https:\/\/www.woodworksdirect.com\/es\/#website\",\"url\":\"https:\/\/www.woodworksdirect.com\/es\/\",\"name\":\"Woodworks Direct\",\"description\":\"Pergolas &amp; Carports delivered to your door.\",\"potentialAction\":[{\"@type\":\"SearchAction\",\"target\":{\"@type\":\"EntryPoint\",\"urlTemplate\":\"https:\/\/www.woodworksdirect.com\/es\/?s={search_term_string}\"},\"query-input\":\"required name=search_term_string\"}],\"inLanguage\":\"es\"}]}<\/script>\n<!-- \/ Yoast SEO plugin. -->","yoast_head_json":{"title":"Establos y Refugios para caballos | Woodworks Direct","description":"En Woodworks Direct tambi\u00e9n nos apasionan los establos, con el objetivo de construir estructuras perfectas para albergar a sus queridos caballos y burros.","robots":{"index":"index","follow":"follow","max-snippet":"max-snippet:-1","max-image-preview":"max-image-preview:large","max-video-preview":"max-video-preview:-1"},"canonical":"https:\/\/www.woodworksdirect.com\/es\/establos-y-refugios-para-caballos\/","og_locale":"es_ES","og_type":"article","og_title":"Establos y Refugios para caballos | Woodworks Direct","og_description":"En Woodworks Direct tambi\u00e9n nos apasionan los establos, con el objetivo de construir estructuras perfectas para albergar a sus queridos caballos y burros.","og_url":"https:\/\/www.woodworksdirect.com\/es\/establos-y-refugios-para-caballos\/","og_site_name":"Woodworks Direct","article_publisher":"https:\/\/www.facebook.com\/WoodWorksDirect\/","article_modified_time":"2023-03-14T11:01:50+00:00","twitter_card":"summary_large_image","twitter_site":"@woodworksdirect","twitter_misc":{"Tiempo de lectura":"1 minuto"},"schema":{"@context":"https:\/\/schema.org","@graph":[{"@type":"WebPage","@id":"https:\/\/www.woodworksdirect.com\/es\/establos-y-refugios-para-caballos\/","url":"https:\/\/www.woodworksdirect.com\/es\/establos-y-refugios-para-caballos\/","name":"Establos y Refugios para caballos | Woodworks Direct","isPartOf":{"@id":"https:\/\/www.woodworksdirect.com\/es\/#website"},"datePublished":"2019-04-04T11:14:31+00:00","dateModified":"2023-03-14T11:01:50+00:00","description":"En Woodworks Direct tambi\u00e9n nos apasionan los establos, con el objetivo de construir estructuras perfectas para albergar a sus queridos caballos y burros.","breadcrumb":{"@id":"https:\/\/www.woodworksdirect.com\/es\/establos-y-refugios-para-caballos\/#breadcrumb"},"inLanguage":"es","potentialAction":[{"@type":"ReadAction","target":["https:\/\/www.woodworksdirect.com\/es\/establos-y-refugios-para-caballos\/"]}]},{"@type":"BreadcrumbList","@id":"https:\/\/www.woodworksdirect.com\/es\/establos-y-refugios-para-caballos\/#breadcrumb","itemListElement":[{"@type":"ListItem","position":1,"name":"Home","item":"https:\/\/www.woodworksdirect.com\/es\/"},{"@type":"ListItem","position":2,"name":"Establos y Refugios para caballos"}]},{"@type":"WebSite","@id":"https:\/\/www.woodworksdirect.com\/es\/#website","url":"https:\/\/www.woodworksdirect.com\/es\/","name":"Woodworks Direct","description":"Pergolas &amp; Carports delivered to your door.","potentialAction":[{"@type":"SearchAction","target":{"@type":"EntryPoint","urlTemplate":"https:\/\/www.woodworksdirect.com\/es\/?s={search_term_string}"},"query-input":"required name=search_term_string"}],"inLanguage":"es"}]}},"_links":{"self":[{"href":"https:\/\/www.woodworksdirect.com\/es\/wp-json\/wp\/v2\/pages\/14724"}],"collection":[{"href":"https:\/\/www.woodworksdirect.com\/es\/wp-json\/wp\/v2\/pages"}],"about":[{"href":"https:\/\/www.woodworksdirect.com\/es\/wp-json\/wp\/v2\/types\/page"}],"author":[{"embeddable":true,"href":"https:\/\/www.woodworksdirect.com\/es\/wp-json\/wp\/v2\/users\/3"}],"replies":[{"embeddable":true,"href":"https:\/\/www.woodworksdirect.com\/es\/wp-json\/wp\/v2\/comments?post=14724"}],"version-history":[{"count":13,"href":"https:\/\/www.woodworksdirect.com\/es\/wp-json\/wp\/v2\/pages\/14724\/revisions"}],"predecessor-version":[{"id":15438,"href":"https:\/\/www.woodworksdirect.com\/es\/wp-json\/wp\/v2\/pages\/14724\/revisions\/15438"}],"wp:attachment":[{"href":"https:\/\/www.woodworksdirect.com\/es\/wp-json\/wp\/v2\/media?parent=14724"}],"curies":[{"name":"wp","href":"https:\/\/api.w.org\/{rel}","templated":true}]}}