{"id":14656,"date":"2010-02-01T00:00:00","date_gmt":"2010-01-31T23:00:00","guid":{"rendered":"https:\/\/www.woodworksdirect.com\/entrega-gratuita\/"},"modified":"2022-11-10T15:56:11","modified_gmt":"2022-11-10T14:56:11","slug":"entrega-gratuita","status":"publish","type":"page","link":"https:\/\/www.woodworksdirect.com\/es\/entrega-gratuita\/","title":{"rendered":"Entrega gratuita"},"content":{"rendered":"<p>La <strong>entrega es gratuita<\/strong> para todas las ventas superiores a 300 euros en las siguientes zonas:<\/p>\n<ul>\n<li>Costa C\u00e1lida<\/li>\n<li>Alicante<\/li>\n<li>Almer\u00eda<\/li>\n<li>Murcia<\/li>\n<li>Valencia Sur<\/li>\n<\/ul>\n<p>En casi todos los casos la entrega se realiza con nuestro propio transporte. Por favor, p\u00f3ngase en contacto con nosotros si la entrega se realiza fuera de estas \u00e1reas, ya que todav\u00eda podemos (sujeto a otros pedidos) ofrecer la entrega gratuita.<\/p>\n<p>En ocasiones utilizamos un servicio de mensajer\u00eda de confianza y en este caso se puede a\u00f1adir un peque\u00f1o recargo.<\/p>\n<p>El plazo de entrega es normalmente de 15 d\u00edas laborables tras la confirmaci\u00f3n del pedido en los meses de invierno (octubre &#8211; febrero).<\/p>\n<p>Los tiempos de espera pueden variar ligeramente en temporada alta (marzo &#8211; septiembre). Es aconsejable avisar con la mayor antelaci\u00f3n posible, ya que es nuestra \u00e9poca de mayor actividad.<\/p>\n<p>La entrega gratuita es para las regiones sombreadas en marr\u00f3n en el siguiente mapa cuando se entrega en nuestro propio veh\u00edculo.<\/p>\n","protected":false},"excerpt":{"rendered":"<p>La entrega es gratuita para todas las ventas superiores a 300 euros en las siguientes zonas: Costa C\u00e1lida Alicante Almer\u00eda Murcia Valencia Sur En casi todos los casos la entrega se realiza con nuestro propio transporte. Por favor, p\u00f3ngase en contacto con nosotros si la entrega se realiza fuera de estas \u00e1reas, ya que todav\u00eda [&hellip;]<\/p>\n","protected":false},"author":1,"featured_media":0,"parent":0,"menu_order":8,"comment_status":"closed","ping_status":"closed","template":"","meta":{"om_disable_all_campaigns":false,"_monsterinsights_skip_tracking":false,"_monsterinsights_sitenote_active":false,"_monsterinsights_sitenote_note":"","_monsterinsights_sitenote_category":0,"_uf_show_specific_survey":0,"_uf_disable_surveys":false},"acf":[],"aioseo_notices":[],"yoast_head":"<!-- This site is optimized with the Yoast SEO plugin v20.2.1 - https:\/\/yoast.com\/wordpress\/plugins\/seo\/ -->\n<title>Entrega gratuita | Woodworks Direct<\/title>\n<meta name=\"description\" content=\"La entrega es gratuita para todas las ventas superiores a 300 euros en las siguientes zonas: Costa C\u00e1lida Alicante Almer\u00eda Murcia Valencia Sur En casi\" \/>\n<meta name=\"robots\" content=\"index, follow, max-snippet:-1, max-image-preview:large, max-video-preview:-1\" \/>\n<link rel=\"canonical\" href=\"https:\/\/www.woodworksdirect.com\/es\/entrega-gratuita\/\" \/>\n<meta property=\"og:locale\" content=\"es_ES\" \/>\n<meta property=\"og:type\" content=\"article\" \/>\n<meta property=\"og:title\" content=\"Entrega gratuita | Woodworks Direct\" \/>\n<meta property=\"og:description\" content=\"La entrega es gratuita para todas las ventas superiores a 300 euros en las siguientes zonas: Costa C\u00e1lida Alicante Almer\u00eda Murcia Valencia Sur En casi\" \/>\n<meta property=\"og:url\" content=\"https:\/\/www.woodworksdirect.com\/es\/entrega-gratuita\/\" \/>\n<meta property=\"og:site_name\" content=\"Woodworks Direct\" \/>\n<meta property=\"article:publisher\" content=\"https:\/\/www.facebook.com\/WoodWorksDirect\/\" \/>\n<meta property=\"article:modified_time\" content=\"2022-11-10T14:56:11+00:00\" \/>\n<meta name=\"twitter:card\" content=\"summary_large_image\" \/>\n<meta name=\"twitter:site\" content=\"@woodworksdirect\" \/>\n<meta name=\"twitter:label1\" content=\"Tiempo de lectura\" \/>\n\t<meta name=\"twitter:data1\" content=\"1 minuto\" \/>\n<script type=\"application\/ld+json\" class=\"yoast-schema-graph\">{\"@context\":\"https:\/\/schema.org\",\"@graph\":[{\"@type\":\"WebPage\",\"@id\":\"https:\/\/www.woodworksdirect.com\/es\/entrega-gratuita\/\",\"url\":\"https:\/\/www.woodworksdirect.com\/es\/entrega-gratuita\/\",\"name\":\"Entrega gratuita | Woodworks Direct\",\"isPartOf\":{\"@id\":\"https:\/\/www.woodworksdirect.com\/es\/#website\"},\"datePublished\":\"2010-01-31T23:00:00+00:00\",\"dateModified\":\"2022-11-10T14:56:11+00:00\",\"description\":\"La entrega es gratuita para todas las ventas superiores a 300 euros en las siguientes zonas: Costa C\u00e1lida Alicante Almer\u00eda Murcia Valencia Sur En casi\",\"breadcrumb\":{\"@id\":\"https:\/\/www.woodworksdirect.com\/es\/entrega-gratuita\/#breadcrumb\"},\"inLanguage\":\"es\",\"potentialAction\":[{\"@type\":\"ReadAction\",\"target\":[\"https:\/\/www.woodworksdirect.com\/es\/entrega-gratuita\/\"]}]},{\"@type\":\"BreadcrumbList\",\"@id\":\"https:\/\/www.woodworksdirect.com\/es\/entrega-gratuita\/#breadcrumb\",\"itemListElement\":[{\"@type\":\"ListItem\",\"position\":1,\"name\":\"Home\",\"item\":\"https:\/\/www.woodworksdirect.com\/es\/\"},{\"@type\":\"ListItem\",\"position\":2,\"name\":\"Entrega gratuita\"}]},{\"@type\":\"WebSite\",\"@id\":\"https:\/\/www.woodworksdirect.com\/es\/#website\",\"url\":\"https:\/\/www.woodworksdirect.com\/es\/\",\"name\":\"Woodworks Direct\",\"description\":\"Pergolas &amp; Carports delivered to your door.\",\"potentialAction\":[{\"@type\":\"SearchAction\",\"target\":{\"@type\":\"EntryPoint\",\"urlTemplate\":\"https:\/\/www.woodworksdirect.com\/es\/?s={search_term_string}\"},\"query-input\":\"required name=search_term_string\"}],\"inLanguage\":\"es\"}]}<\/script>\n<!-- \/ Yoast SEO plugin. -->","yoast_head_json":{"title":"Entrega gratuita | Woodworks Direct","description":"La entrega es gratuita para todas las ventas superiores a 300 euros en las siguientes zonas: Costa C\u00e1lida Alicante Almer\u00eda Murcia Valencia Sur En casi","robots":{"index":"index","follow":"follow","max-snippet":"max-snippet:-1","max-image-preview":"max-image-preview:large","max-video-preview":"max-video-preview:-1"},"canonical":"https:\/\/www.woodworksdirect.com\/es\/entrega-gratuita\/","og_locale":"es_ES","og_type":"article","og_title":"Entrega gratuita | Woodworks Direct","og_description":"La entrega es gratuita para todas las ventas superiores a 300 euros en las siguientes zonas: Costa C\u00e1lida Alicante Almer\u00eda Murcia Valencia Sur En casi","og_url":"https:\/\/www.woodworksdirect.com\/es\/entrega-gratuita\/","og_site_name":"Woodworks Direct","article_publisher":"https:\/\/www.facebook.com\/WoodWorksDirect\/","article_modified_time":"2022-11-10T14:56:11+00:00","twitter_card":"summary_large_image","twitter_site":"@woodworksdirect","twitter_misc":{"Tiempo de lectura":"1 minuto"},"schema":{"@context":"https:\/\/schema.org","@graph":[{"@type":"WebPage","@id":"https:\/\/www.woodworksdirect.com\/es\/entrega-gratuita\/","url":"https:\/\/www.woodworksdirect.com\/es\/entrega-gratuita\/","name":"Entrega gratuita | Woodworks Direct","isPartOf":{"@id":"https:\/\/www.woodworksdirect.com\/es\/#website"},"datePublished":"2010-01-31T23:00:00+00:00","dateModified":"2022-11-10T14:56:11+00:00","description":"La entrega es gratuita para todas las ventas superiores a 300 euros en las siguientes zonas: Costa C\u00e1lida Alicante Almer\u00eda Murcia Valencia Sur En casi","breadcrumb":{"@id":"https:\/\/www.woodworksdirect.com\/es\/entrega-gratuita\/#breadcrumb"},"inLanguage":"es","potentialAction":[{"@type":"ReadAction","target":["https:\/\/www.woodworksdirect.com\/es\/entrega-gratuita\/"]}]},{"@type":"BreadcrumbList","@id":"https:\/\/www.woodworksdirect.com\/es\/entrega-gratuita\/#breadcrumb","itemListElement":[{"@type":"ListItem","position":1,"name":"Home","item":"https:\/\/www.woodworksdirect.com\/es\/"},{"@type":"ListItem","position":2,"name":"Entrega gratuita"}]},{"@type":"WebSite","@id":"https:\/\/www.woodworksdirect.com\/es\/#website","url":"https:\/\/www.woodworksdirect.com\/es\/","name":"Woodworks Direct","description":"Pergolas &amp; Carports delivered to your door.","potentialAction":[{"@type":"SearchAction","target":{"@type":"EntryPoint","urlTemplate":"https:\/\/www.woodworksdirect.com\/es\/?s={search_term_string}"},"query-input":"required name=search_term_string"}],"inLanguage":"es"}]}},"_links":{"self":[{"href":"https:\/\/www.woodworksdirect.com\/es\/wp-json\/wp\/v2\/pages\/14656"}],"collection":[{"href":"https:\/\/www.woodworksdirect.com\/es\/wp-json\/wp\/v2\/pages"}],"about":[{"href":"https:\/\/www.woodworksdirect.com\/es\/wp-json\/wp\/v2\/types\/page"}],"author":[{"embeddable":true,"href":"https:\/\/www.woodworksdirect.com\/es\/wp-json\/wp\/v2\/users\/1"}],"replies":[{"embeddable":true,"href":"https:\/\/www.woodworksdirect.com\/es\/wp-json\/wp\/v2\/comments?post=14656"}],"version-history":[{"count":1,"href":"https:\/\/www.woodworksdirect.com\/es\/wp-json\/wp\/v2\/pages\/14656\/revisions"}],"predecessor-version":[{"id":14657,"href":"https:\/\/www.woodworksdirect.com\/es\/wp-json\/wp\/v2\/pages\/14656\/revisions\/14657"}],"wp:attachment":[{"href":"https:\/\/www.woodworksdirect.com\/es\/wp-json\/wp\/v2\/media?parent=14656"}],"curies":[{"name":"wp","href":"https:\/\/api.w.org\/{rel}","templated":true}]}}