{"id":14641,"date":"2010-05-11T09:27:04","date_gmt":"2010-05-11T07:27:04","guid":{"rendered":"https:\/\/www.woodworksdirect.com\/puertos-de-coches\/"},"modified":"2024-04-09T15:48:28","modified_gmt":"2024-04-09T13:48:28","slug":"cocheras","status":"publish","type":"page","link":"https:\/\/www.woodworksdirect.com\/es\/cocheras\/","title":{"rendered":"Cocheras"},"content":{"rendered":"<section class=\"wpb-content-wrapper\"><p>[vc_row][vc_column width=\u00bb2\/3&#8243;]<div class=\"section_header tblock-box text-left  \"><h2 class=\"tblock \" >cocheras de madera resistentes y de alta calidad<\/h2><\/div><div class=\"blank-spacer clearfix  \"  style=\"margin-bottom:25px !important; clear:both;\"><\/div>[vc_column_text]Suministramos una cubierta de alta calidad y muy resistente. La singularidad de este revestimiento es que es reflectante del sol, lo que hace que su coche sea a\u00fan m\u00e1s fresco en pleno verano. (Por ejemplo, podemos dejar estas l\u00e1minas fuera todo el d\u00eda en verano y seguir pudiendo arrodillarnos sobre ellas, no como las s\u00e1banas galvanizadas). Estas l\u00e1minas cuestan 22 euros por metro cuadrado. Siempre nos piden l\u00e1minas m\u00e1s baratas, pero \u00e9stas son las \u00fanicas que podemos recomendar contra el viento y el granizo.<\/p>\n<p>Podemos ofrecer un tipo diferente de revestimiento, se trata de un revestimiento de miembre ideal para la sombra, pero no es impermeable. Este precio es de 22 euros por metro cuadrado.<\/p>\n<ul>\n<li>Todos nuestros cocheras de madera est\u00e1ndar vienen con vigas horizontales hechas de 150mm x 50mm y los postes de 100mm x 100mm a menos que se necesiten requerimientos especiales. Esto proporciona una buena estructura s\u00f3lida de primera calidad, pero si lo prefiere, tambi\u00e9n hay maderas m\u00e1s gruesas disponibles, por favor, pregunte.<\/li>\n<li>Todas las estructuras de cocheras de madera vienen con los pernos y tornillos necesarios.<\/li>\n<li>Adem\u00e1s, proporcionamos un folleto de instrucciones, paso a paso, con im\u00e1genes \u00fatiles<\/li>\n<li>Nuestro equipo tambi\u00e9n ofrece un servicio de instalaci\u00f3n completo si el bricolaje no es lo suyo\u00a0o simplemente no tiene tiempo.<\/li>\n<\/ul>\n<p>[\/vc_column_text][vc_masonry_media_grid element_width=\u00bb6&#8243; grid_id=\u00bbvc_gid:1712670488906-6ff58015-794a-0&#8243; include=\u00bb7761,10053,7755,9763,10051,7821&#8243;][vc_column_text]Si no ve la talla que necesita, no dude en ponerse en contacto con nosotros.<\/p>\n<p>Montaje: (opcional)<\/p>\n<p>Precio Cochera individual desde: 295,00 euros<\/p>\n<p>Precio Cochera doble desde: 395,00 euros[\/vc_column_text][vc_column_text]<\/p>\n<table>\n<tbody>\n<tr>\n<th>Dimensiones (~2,4 m de altura)<\/th>\n<th>Precio (sin IVA)<\/th>\n<\/tr>\n<tr>\n<td>L\u00e1minas de techo reflectantes del sol de 5m x 3m<\/td>\n<td>\u20ac995<\/td>\n<\/tr>\n<tr>\n<td>Miembre y listones de 5m x 3m<\/td>\n<td>\u20ac995<\/td>\n<\/tr>\n<tr>\n<td>L\u00e1minas de techo reflectantes del sol de 5m x 4m<\/td>\n<td>\u20ac1145<\/td>\n<\/tr>\n<tr>\n<td>Miembre y listones de 5m x 4m<\/td>\n<td>\u20ac1145<\/td>\n<\/tr>\n<tr>\n<td>L\u00e1minas de techo reflectantes del sol de 5m x 5m<\/td>\n<td>\u20ac1345<\/td>\n<\/tr>\n<tr>\n<td>Miembre y listones de 5m x 5m<\/td>\n<td>\u20ac1345<\/td>\n<\/tr>\n<tr>\n<td>Doble de 5m x 6m l\u00e1minas de techo reflectante del sol<\/td>\n<td>\u20ac1945<\/td>\n<\/tr>\n<\/tbody>\n<\/table>\n<p>[\/vc_column_text][vc_masonry_media_grid element_width=\u00bb6&#8243; grid_id=\u00bbvc_gid:1712670488912-edab28d6-0c8d-1&#8243; include=\u00bb10055,10057&#8243;][vc_btn title=\u00bbVer todas las galer\u00edas\u00bb color=\u00bbsuccess\u00bb align=\u00bbcenter\u00bb link=\u00bburl:%2Fwwd%3Fgallery_type%3Dcar-port|\u00bb][vc_column_text]<\/p>\n<h2><strong>Pardes de madera<\/strong><\/h2>\n<p>\u00bfQu\u00e9 tal una pared de madera para una protecci\u00f3n extra mientras el sol se mueve? \u00bfo incluso para que sirva de le\u00f1ero para un marco polivalente?[\/vc_column_text][vc_masonry_media_grid gap=\u00bb10&#8243; grid_id=\u00bbvc_gid:1712670488914-9d62d38b-4ab7-4&#8243; include=\u00bb10167,10077,8775&#8243;]<blockquote class=\"\" >\n\t\t\t<p>Merece la pena observar las dimensiones de la madera utilizada por nuestros competidores. La mayor\u00eda son muy finas y de poco grosor.<br \/>\nEsta delgadez proporciona poco o ning\u00fan apoyo, y puede dar lugar a que la estructura se vuelva peligrosa, especialmente en algunas partes de Espa\u00f1a donde hay fuertes vientos y condiciones invernales.<\/p>\n\t\t\t<footer>Woodworks Direct<\/footer>\n\t\t<\/blockquote>[\/vc_column][vc_column width=\u00bb1\/3&#8243;]<div class=\"section_header tblock-box text-left  \"><h2 class=\"tblock \" >Contacten\u00f3s<\/h2><\/div><div class=\"blank-spacer clearfix  \"  style=\"margin-bottom:25px !important; clear:both;\"><\/div>\n<div class=\"wpcf7 no-js\" id=\"wpcf7-f14570-o1\" lang=\"es-ES\" dir=\"ltr\">\n<div class=\"screen-reader-response\"><p role=\"status\" aria-live=\"polite\" aria-atomic=\"true\"><\/p> <ul><\/ul><\/div>\n<form action=\"\/es\/wp-json\/wp\/v2\/pages\/14641#wpcf7-f14570-o1\" method=\"post\" class=\"wpcf7-form init\" aria-label=\"Formulario de contacto\" novalidate=\"novalidate\" data-status=\"init\">\n<div style=\"display: none;\">\n<input type=\"hidden\" name=\"_wpcf7\" value=\"14570\" \/>\n<input type=\"hidden\" name=\"_wpcf7_version\" value=\"5.7.4\" \/>\n<input type=\"hidden\" name=\"_wpcf7_locale\" value=\"es_ES\" \/>\n<input type=\"hidden\" name=\"_wpcf7_unit_tag\" value=\"wpcf7-f14570-o1\" \/>\n<input type=\"hidden\" name=\"_wpcf7_container_post\" value=\"0\" \/>\n<input type=\"hidden\" name=\"_wpcf7_posted_data_hash\" value=\"\" \/>\n<input type=\"hidden\" name=\"_wpcf7cf_hidden_group_fields\" value=\"[]\" \/>\n<input type=\"hidden\" name=\"_wpcf7cf_hidden_groups\" value=\"[]\" \/>\n<input type=\"hidden\" name=\"_wpcf7cf_visible_groups\" value=\"[]\" \/>\n<input type=\"hidden\" name=\"_wpcf7cf_repeaters\" value=\"[]\" \/>\n<input type=\"hidden\" name=\"_wpcf7cf_steps\" value=\"{}\" \/>\n<input type=\"hidden\" name=\"_wpcf7cf_options\" value=\"{&quot;form_id&quot;:14570,&quot;conditions&quot;:[{&quot;then_field&quot;:&quot;how-did-hear&quot;,&quot;and_rules&quot;:[{&quot;if_field&quot;:&quot;how-hear&quot;,&quot;operator&quot;:&quot;equals&quot;,&quot;if_value&quot;:&quot;Other&quot;}]}],&quot;settings&quot;:{&quot;animation&quot;:&quot;yes&quot;,&quot;animation_intime&quot;:200,&quot;animation_outtime&quot;:200,&quot;conditions_ui&quot;:&quot;normal&quot;,&quot;notice_dismissed&quot;:false}}\" \/>\n<input type=\"hidden\" name=\"_wpcf7_recaptcha_response\" value=\"\" \/>\n<\/div>\n<p><span class=\"wpcf7-form-control-wrap\" data-name=\"your-name\"><input size=\"40\" class=\"wpcf7-form-control wpcf7-text wpcf7-validates-as-required form-control\" aria-required=\"true\" aria-invalid=\"false\" placeholder=\"Nombre\" value=\"\" type=\"text\" name=\"your-name\" \/><\/span><br \/>\n<span class=\"wpcf7-form-control-wrap\" data-name=\"your-email\"><input size=\"40\" class=\"wpcf7-form-control wpcf7-text wpcf7-email wpcf7-validates-as-required wpcf7-validates-as-email form-control\" aria-required=\"true\" aria-invalid=\"false\" placeholder=\"Email\" value=\"\" type=\"email\" name=\"your-email\" \/><\/span><br \/>\n<span class=\"wpcf7-form-control-wrap\" data-name=\"your-email-confirm\"><input size=\"40\" class=\"wpcf7-form-control wpcf7-text wpcf7-email wpcf7-validates-as-required wpcf7-validates-as-email form-control\" aria-required=\"true\" aria-invalid=\"false\" placeholder=\"Confirmar Email\" value=\"\" type=\"email\" name=\"your-email-confirm\" \/><\/span><br \/>\n<span class=\"wpcf7-form-control-wrap\" data-name=\"telno\"><input size=\"40\" class=\"wpcf7-form-control wpcf7-text wpcf7-validates-as-required form-control\" aria-required=\"true\" aria-invalid=\"false\" placeholder=\"Tel\u00e9fono\" value=\"\" type=\"text\" name=\"telno\" \/><\/span><br \/>\n<span class=\"wpcf7-form-control-wrap\" data-name=\"location\"><input size=\"40\" class=\"wpcf7-form-control wpcf7-text wpcf7-validates-as-required form-control\" aria-required=\"true\" aria-invalid=\"false\" placeholder=\"Su pueblo\/ciudad m\u00e1s cercano\" value=\"\" type=\"text\" name=\"location\" \/><\/span><br \/>\n<span class=\"wpcf7-form-control-wrap\" data-name=\"your-subject\"><input size=\"40\" class=\"wpcf7-form-control wpcf7-text wpcf7-validates-as-required form-control\" aria-required=\"true\" aria-invalid=\"false\" placeholder=\"Asunto\" value=\"\" type=\"text\" name=\"your-subject\" \/><\/span><br \/>\n<span class=\"wpcf7-form-control-wrap\" data-name=\"your-message\"><textarea cols=\"40\" rows=\"6\" class=\"wpcf7-form-control wpcf7-textarea wpcf7-validates-as-required form-control\" aria-required=\"true\" aria-invalid=\"false\" placeholder=\"Mensaje\" name=\"your-message\"><\/textarea><\/span>\n<\/p>\n<div>\n\t<p>\u00bfC\u00f3mo se enter\u00f3 de nuestra existencia?\n\t<\/p>\n<\/div>\n<p><span class=\"wpcf7-form-control-wrap\" data-name=\"how-hear\"><select class=\"wpcf7-form-control wpcf7-select wpcf7-validates-as-required\" aria-required=\"true\" aria-invalid=\"false\" name=\"how-hear\"><option value=\"\">&#8212;Por favor, elige una opci\u00f3n&#8212;<\/option><option value=\"Euroweekly\">Euroweekly<\/option><option value=\"Female Focus\">Female Focus<\/option><option value=\"Costa Calida Chronicle\">Costa Calida Chronicle<\/option><option value=\"Facebook\">Facebook<\/option><option value=\"Individual&#039;s recommendation\">Individual&#039;s recommendation<\/option><option value=\"Google\">Google<\/option><option value=\"Other\">Other<\/option><\/select><\/span>\n<\/p>\n<div data-id=\"how-did-hear\" data-orig_data_id=\"how-did-hear\"  data-class=\"wpcf7cf_group\">\n\t<p><span class=\"wpcf7-form-control-wrap\" data-name=\"how-hear-other\"><input size=\"40\" class=\"wpcf7-form-control wpcf7-text form-control\" aria-invalid=\"false\" placeholder=\"H\u00e1ganos saber c\u00f3mo\" value=\"\" type=\"text\" name=\"how-hear-other\" \/><\/span>\n\t<\/p>\n<\/div>\n\n<div class=\"row m0\">\n\t<p><input class=\"wpcf7-form-control has-spinner wpcf7-submit btn btn-default submit\" type=\"submit\" value=\"Enviar Ahora\" \/>\n\t<\/p>\n<\/div><div class=\"wpcf7-response-output\" aria-hidden=\"true\"><\/div>\n<\/form>\n<\/div>\n<div class=\"blank-spacer clearfix  \"  style=\"margin-bottom:25px !important; clear:both;\"><\/div>[\/vc_column][\/vc_row]<\/p>\n<\/section>","protected":false},"excerpt":{"rendered":"<p> <\/p>\n<h1>Carports<\/h1>\n<div>\n<div>\n<ul>\n<li>Toda nuestra estructura de Carport tiene vigas horizontales hechas de 6&#8243; x 2&#8243; (150mm x 50mm) y el poste de 4&#8243; x 4&#8243; (100mm x 100mm) a menos que se necesiten requisitos especiales. Esto proporciona una buena y s\u00f3lida estructura de primas.<\/li>\n<li>Todas las estructuras Car Port vienen con los pernos y tornillos necesarios.<\/li>\n<li>Adem\u00e1s, proporcionamos un folleto de instrucciones en ingl\u00e9s, paso a paso, con im\u00e1genes \u00fatiles<\/li>\n<\/ul>\n<div class=\"pcrVMCategoryLeft\">\n<table style=\"text-align: center; width: 275px; height: 182px;\" class=\"pcrbox\" align=\"center\" border=\"0\">\n<tbody>\n<tr>\n<td>DIMENSIONES <br \/>(~ 2,4m de altura)<\/td>\n<td>PRECIO<br \/>(IVA incluido)<\/td>\n<td><\/td>\n<\/tr>\n<tr>\n<td>5m x 3m<br \/>L\u00e1minas de techo reflectantes del sol<\/td>\n<td>\u20ac595<\/td>\n<td>Haga clic aqu\u00ed<\/td>\n<\/tr>\n<tr>\n<td>5m x 3m<br \/>Bamb\u00fa y listones<\/td>\n<td>\u20ac545<\/td>\n<td>Haga clic aqu\u00ed<\/td>\n<\/tr>\n<tr>\n<td>5m x 4m<br \/>L\u00e1minas de techo reflectantes del sol<\/td>\n<td>\u20ac765<\/td>\n<td>\n  <a style=\"text-decoration: none;\" href=\"index.php?page=shop.product_details&amp;flypage=flypage.tpl&amp;product_id=65&amp;category_id=28&amp;option=com_virtuemart&amp;Itemid=86\">Haga clic aqu\u00ed<\/a>\n<\/td>\n<\/tr>\n<tr>\n<td>5m x 4m<br \/>Bamb\u00fa y listones<\/td>\n<td>\u20ac645<\/td>\n<td>Haga clic aqu\u00ed<\/td>\n<\/tr>\n<tr>\n<td>5m x 5m<br \/>L\u00e1minas de techo reflectantes del sol<\/td>\n<td>\u20ac895<\/td>\n<td>Haga clic aqu\u00ed<\/td>\n<\/tr>\n<tr>\n<td>5m x 5m<br \/>Bamb\u00fa y listones<\/td>\n<td>\u20ac745<\/td>\n<td>Haga clic aqu\u00ed<\/td>\n<\/tr>\n<tr>\n<td>Doble 5m x 6m<br \/>L\u00e1minas de techo reflectantes del sol<\/td>\n<td>\u20ac1175<\/td>\n<td>Haga clic aqu\u00ed<\/td>\n<\/tr>\n<\/tbody>\n<\/table><\/div>\n<div class=\"pcrVMCategoryRight\"><\/div>\n<p>Si no ve la talla que necesita, no dude en ponerse en contacto con nosotros en <a style=\"text-decoration: none;\" href=\"mailto:info@woodworksdirect.com\">info@woodworksdirect.com<\/a><\/p>\n<p>Montaje (opcional):<br \/>Individual: 195,00 euros<br \/>Doble: 295,00 euros<\/p>\n","protected":false},"author":1,"featured_media":0,"parent":0,"menu_order":1,"comment_status":"closed","ping_status":"closed","template":"","meta":{"om_disable_all_campaigns":false,"_monsterinsights_skip_tracking":false,"_monsterinsights_sitenote_active":false,"_monsterinsights_sitenote_note":"","_monsterinsights_sitenote_category":0,"_uf_show_specific_survey":0,"_uf_disable_surveys":false},"acf":[],"aioseo_notices":[],"yoast_head":"<!-- This site is optimized with the Yoast SEO plugin v20.2.1 - https:\/\/yoast.com\/wordpress\/plugins\/seo\/ -->\n<title>Cocheras | Woodworks Direct<\/title>\n<meta name=\"description\" content=\"Carports  Toda nuestra estructura de Carport tiene vigas horizontales hechas de 6&quot; x 2&quot; (150mm x 50mm) y el poste de 4&quot; x 4&quot; (100mm x 100mm) a menos que se necesiten requisitos especiales. Esto proporciona una buena y s\u00f3lida estructura de primas. Todas las estructuras Car Port vienen con los pernos y tornillos necesarios. Adem\u00e1s, proporcionamos un folleto de instrucciones en ingl\u00e9s, paso a paso, con im\u00e1genes \u00fatiles   DIMENSIONES (~ 2,4m de altura) PRECIO(IVA incluido)  5m x 3mL\u00e1minas de techo reflectantes del sol \u20ac595 Haga clic aqu\u00ed  5m x 3mBamb\u00fa y listones \u20ac545 Haga clic aqu\u00ed  5m x 4mL\u00e1minas de techo reflectantes del sol \u20ac765  Haga clic aqu\u00ed  5m x 4mBamb\u00fa y listones \u20ac645 Haga clic aqu\u00ed  5m x 5mL\u00e1minas de techo reflectantes del sol \u20ac895 Haga clic aqu\u00ed  5m x 5mBamb\u00fa y listones \u20ac745 Haga clic aqu\u00ed  Doble 5m x 6mL\u00e1minas de techo reflectantes del sol \u20ac1175 Haga clic aqu\u00ed   Si no ve la talla que necesita, no dude en ponerse en contacto con nosotros en info@woodworksdirect.com Montaje (opcional):Individual: 195,00 eurosDoble: 295,00 euros\" \/>\n<meta name=\"robots\" content=\"index, follow, max-snippet:-1, max-image-preview:large, max-video-preview:-1\" \/>\n<link rel=\"canonical\" href=\"https:\/\/www.woodworksdirect.com\/es\/cocheras\/\" \/>\n<meta property=\"og:locale\" content=\"es_ES\" \/>\n<meta property=\"og:type\" content=\"article\" \/>\n<meta property=\"og:title\" content=\"Cocheras | Woodworks Direct\" \/>\n<meta property=\"og:description\" content=\"Carports  Toda nuestra estructura de Carport tiene vigas horizontales hechas de 6&quot; x 2&quot; (150mm x 50mm) y el poste de 4&quot; x 4&quot; (100mm x 100mm) a menos que se necesiten requisitos especiales. Esto proporciona una buena y s\u00f3lida estructura de primas. Todas las estructuras Car Port vienen con los pernos y tornillos necesarios. Adem\u00e1s, proporcionamos un folleto de instrucciones en ingl\u00e9s, paso a paso, con im\u00e1genes \u00fatiles   DIMENSIONES (~ 2,4m de altura) PRECIO(IVA incluido)  5m x 3mL\u00e1minas de techo reflectantes del sol \u20ac595 Haga clic aqu\u00ed  5m x 3mBamb\u00fa y listones \u20ac545 Haga clic aqu\u00ed  5m x 4mL\u00e1minas de techo reflectantes del sol \u20ac765  Haga clic aqu\u00ed  5m x 4mBamb\u00fa y listones \u20ac645 Haga clic aqu\u00ed  5m x 5mL\u00e1minas de techo reflectantes del sol \u20ac895 Haga clic aqu\u00ed  5m x 5mBamb\u00fa y listones \u20ac745 Haga clic aqu\u00ed  Doble 5m x 6mL\u00e1minas de techo reflectantes del sol \u20ac1175 Haga clic aqu\u00ed   Si no ve la talla que necesita, no dude en ponerse en contacto con nosotros en info@woodworksdirect.com Montaje (opcional):Individual: 195,00 eurosDoble: 295,00 euros\" \/>\n<meta property=\"og:url\" content=\"https:\/\/www.woodworksdirect.com\/es\/cocheras\/\" \/>\n<meta property=\"og:site_name\" content=\"Woodworks Direct\" \/>\n<meta property=\"article:publisher\" content=\"https:\/\/www.facebook.com\/WoodWorksDirect\/\" \/>\n<meta property=\"article:modified_time\" content=\"2024-04-09T13:48:28+00:00\" \/>\n<meta name=\"twitter:card\" content=\"summary_large_image\" \/>\n<meta name=\"twitter:site\" content=\"@woodworksdirect\" \/>\n<meta name=\"twitter:label1\" content=\"Tiempo de lectura\" \/>\n\t<meta name=\"twitter:data1\" content=\"2 minutos\" \/>\n<script type=\"application\/ld+json\" class=\"yoast-schema-graph\">{\"@context\":\"https:\/\/schema.org\",\"@graph\":[{\"@type\":\"WebPage\",\"@id\":\"https:\/\/www.woodworksdirect.com\/es\/cocheras\/\",\"url\":\"https:\/\/www.woodworksdirect.com\/es\/cocheras\/\",\"name\":\"Cocheras | Woodworks Direct\",\"isPartOf\":{\"@id\":\"https:\/\/www.woodworksdirect.com\/es\/#website\"},\"datePublished\":\"2010-05-11T07:27:04+00:00\",\"dateModified\":\"2024-04-09T13:48:28+00:00\",\"description\":\"Carports Toda nuestra estructura de Carport tiene vigas horizontales hechas de 6\\\" x 2\\\" (150mm x 50mm) y el poste de 4\\\" x 4\\\" (100mm x 100mm) a menos que se necesiten requisitos especiales. Esto proporciona una buena y s\u00f3lida estructura de primas. Todas las estructuras Car Port vienen con los pernos y tornillos necesarios. Adem\u00e1s, proporcionamos un folleto de instrucciones en ingl\u00e9s, paso a paso, con im\u00e1genes \u00fatiles DIMENSIONES (~ 2,4m de altura) PRECIO(IVA incluido) 5m x 3mL\u00e1minas de techo reflectantes del sol \u20ac595 Haga clic aqu\u00ed 5m x 3mBamb\u00fa y listones \u20ac545 Haga clic aqu\u00ed 5m x 4mL\u00e1minas de techo reflectantes del sol \u20ac765 Haga clic aqu\u00ed 5m x 4mBamb\u00fa y listones \u20ac645 Haga clic aqu\u00ed 5m x 5mL\u00e1minas de techo reflectantes del sol \u20ac895 Haga clic aqu\u00ed 5m x 5mBamb\u00fa y listones \u20ac745 Haga clic aqu\u00ed Doble 5m x 6mL\u00e1minas de techo reflectantes del sol \u20ac1175 Haga clic aqu\u00ed Si no ve la talla que necesita, no dude en ponerse en contacto con nosotros en info@woodworksdirect.com Montaje (opcional):Individual: 195,00 eurosDoble: 295,00 euros\",\"breadcrumb\":{\"@id\":\"https:\/\/www.woodworksdirect.com\/es\/cocheras\/#breadcrumb\"},\"inLanguage\":\"es\",\"potentialAction\":[{\"@type\":\"ReadAction\",\"target\":[\"https:\/\/www.woodworksdirect.com\/es\/cocheras\/\"]}]},{\"@type\":\"BreadcrumbList\",\"@id\":\"https:\/\/www.woodworksdirect.com\/es\/cocheras\/#breadcrumb\",\"itemListElement\":[{\"@type\":\"ListItem\",\"position\":1,\"name\":\"Home\",\"item\":\"https:\/\/www.woodworksdirect.com\/es\/\"},{\"@type\":\"ListItem\",\"position\":2,\"name\":\"Cocheras\"}]},{\"@type\":\"WebSite\",\"@id\":\"https:\/\/www.woodworksdirect.com\/es\/#website\",\"url\":\"https:\/\/www.woodworksdirect.com\/es\/\",\"name\":\"Woodworks Direct\",\"description\":\"Pergolas &amp; Carports delivered to your door.\",\"potentialAction\":[{\"@type\":\"SearchAction\",\"target\":{\"@type\":\"EntryPoint\",\"urlTemplate\":\"https:\/\/www.woodworksdirect.com\/es\/?s={search_term_string}\"},\"query-input\":\"required name=search_term_string\"}],\"inLanguage\":\"es\"}]}<\/script>\n<!-- \/ Yoast SEO plugin. -->","yoast_head_json":{"title":"Cocheras | Woodworks Direct","description":"Carports  Toda nuestra estructura de Carport tiene vigas horizontales hechas de 6\" x 2\" (150mm x 50mm) y el poste de 4\" x 4\" (100mm x 100mm) a menos que se necesiten requisitos especiales. Esto proporciona una buena y s\u00f3lida estructura de primas. Todas las estructuras Car Port vienen con los pernos y tornillos necesarios. Adem\u00e1s, proporcionamos un folleto de instrucciones en ingl\u00e9s, paso a paso, con im\u00e1genes \u00fatiles   DIMENSIONES (~ 2,4m de altura) PRECIO(IVA incluido)  5m x 3mL\u00e1minas de techo reflectantes del sol \u20ac595 Haga clic aqu\u00ed  5m x 3mBamb\u00fa y listones \u20ac545 Haga clic aqu\u00ed  5m x 4mL\u00e1minas de techo reflectantes del sol \u20ac765  Haga clic aqu\u00ed  5m x 4mBamb\u00fa y listones \u20ac645 Haga clic aqu\u00ed  5m x 5mL\u00e1minas de techo reflectantes del sol \u20ac895 Haga clic aqu\u00ed  5m x 5mBamb\u00fa y listones \u20ac745 Haga clic aqu\u00ed  Doble 5m x 6mL\u00e1minas de techo reflectantes del sol \u20ac1175 Haga clic aqu\u00ed   Si no ve la talla que necesita, no dude en ponerse en contacto con nosotros en info@woodworksdirect.com Montaje (opcional):Individual: 195,00 eurosDoble: 295,00 euros","robots":{"index":"index","follow":"follow","max-snippet":"max-snippet:-1","max-image-preview":"max-image-preview:large","max-video-preview":"max-video-preview:-1"},"canonical":"https:\/\/www.woodworksdirect.com\/es\/cocheras\/","og_locale":"es_ES","og_type":"article","og_title":"Cocheras | Woodworks Direct","og_description":"Carports  Toda nuestra estructura de Carport tiene vigas horizontales hechas de 6\" x 2\" (150mm x 50mm) y el poste de 4\" x 4\" (100mm x 100mm) a menos que se necesiten requisitos especiales. Esto proporciona una buena y s\u00f3lida estructura de primas. Todas las estructuras Car Port vienen con los pernos y tornillos necesarios. Adem\u00e1s, proporcionamos un folleto de instrucciones en ingl\u00e9s, paso a paso, con im\u00e1genes \u00fatiles   DIMENSIONES (~ 2,4m de altura) PRECIO(IVA incluido)  5m x 3mL\u00e1minas de techo reflectantes del sol \u20ac595 Haga clic aqu\u00ed  5m x 3mBamb\u00fa y listones \u20ac545 Haga clic aqu\u00ed  5m x 4mL\u00e1minas de techo reflectantes del sol \u20ac765  Haga clic aqu\u00ed  5m x 4mBamb\u00fa y listones \u20ac645 Haga clic aqu\u00ed  5m x 5mL\u00e1minas de techo reflectantes del sol \u20ac895 Haga clic aqu\u00ed  5m x 5mBamb\u00fa y listones \u20ac745 Haga clic aqu\u00ed  Doble 5m x 6mL\u00e1minas de techo reflectantes del sol \u20ac1175 Haga clic aqu\u00ed   Si no ve la talla que necesita, no dude en ponerse en contacto con nosotros en info@woodworksdirect.com Montaje (opcional):Individual: 195,00 eurosDoble: 295,00 euros","og_url":"https:\/\/www.woodworksdirect.com\/es\/cocheras\/","og_site_name":"Woodworks Direct","article_publisher":"https:\/\/www.facebook.com\/WoodWorksDirect\/","article_modified_time":"2024-04-09T13:48:28+00:00","twitter_card":"summary_large_image","twitter_site":"@woodworksdirect","twitter_misc":{"Tiempo de lectura":"2 minutos"},"schema":{"@context":"https:\/\/schema.org","@graph":[{"@type":"WebPage","@id":"https:\/\/www.woodworksdirect.com\/es\/cocheras\/","url":"https:\/\/www.woodworksdirect.com\/es\/cocheras\/","name":"Cocheras | Woodworks Direct","isPartOf":{"@id":"https:\/\/www.woodworksdirect.com\/es\/#website"},"datePublished":"2010-05-11T07:27:04+00:00","dateModified":"2024-04-09T13:48:28+00:00","description":"Carports Toda nuestra estructura de Carport tiene vigas horizontales hechas de 6\" x 2\" (150mm x 50mm) y el poste de 4\" x 4\" (100mm x 100mm) a menos que se necesiten requisitos especiales. Esto proporciona una buena y s\u00f3lida estructura de primas. Todas las estructuras Car Port vienen con los pernos y tornillos necesarios. Adem\u00e1s, proporcionamos un folleto de instrucciones en ingl\u00e9s, paso a paso, con im\u00e1genes \u00fatiles DIMENSIONES (~ 2,4m de altura) PRECIO(IVA incluido) 5m x 3mL\u00e1minas de techo reflectantes del sol \u20ac595 Haga clic aqu\u00ed 5m x 3mBamb\u00fa y listones \u20ac545 Haga clic aqu\u00ed 5m x 4mL\u00e1minas de techo reflectantes del sol \u20ac765 Haga clic aqu\u00ed 5m x 4mBamb\u00fa y listones \u20ac645 Haga clic aqu\u00ed 5m x 5mL\u00e1minas de techo reflectantes del sol \u20ac895 Haga clic aqu\u00ed 5m x 5mBamb\u00fa y listones \u20ac745 Haga clic aqu\u00ed Doble 5m x 6mL\u00e1minas de techo reflectantes del sol \u20ac1175 Haga clic aqu\u00ed Si no ve la talla que necesita, no dude en ponerse en contacto con nosotros en info@woodworksdirect.com Montaje (opcional):Individual: 195,00 eurosDoble: 295,00 euros","breadcrumb":{"@id":"https:\/\/www.woodworksdirect.com\/es\/cocheras\/#breadcrumb"},"inLanguage":"es","potentialAction":[{"@type":"ReadAction","target":["https:\/\/www.woodworksdirect.com\/es\/cocheras\/"]}]},{"@type":"BreadcrumbList","@id":"https:\/\/www.woodworksdirect.com\/es\/cocheras\/#breadcrumb","itemListElement":[{"@type":"ListItem","position":1,"name":"Home","item":"https:\/\/www.woodworksdirect.com\/es\/"},{"@type":"ListItem","position":2,"name":"Cocheras"}]},{"@type":"WebSite","@id":"https:\/\/www.woodworksdirect.com\/es\/#website","url":"https:\/\/www.woodworksdirect.com\/es\/","name":"Woodworks Direct","description":"Pergolas &amp; Carports delivered to your door.","potentialAction":[{"@type":"SearchAction","target":{"@type":"EntryPoint","urlTemplate":"https:\/\/www.woodworksdirect.com\/es\/?s={search_term_string}"},"query-input":"required name=search_term_string"}],"inLanguage":"es"}]}},"_links":{"self":[{"href":"https:\/\/www.woodworksdirect.com\/es\/wp-json\/wp\/v2\/pages\/14641"}],"collection":[{"href":"https:\/\/www.woodworksdirect.com\/es\/wp-json\/wp\/v2\/pages"}],"about":[{"href":"https:\/\/www.woodworksdirect.com\/es\/wp-json\/wp\/v2\/types\/page"}],"author":[{"embeddable":true,"href":"https:\/\/www.woodworksdirect.com\/es\/wp-json\/wp\/v2\/users\/1"}],"replies":[{"embeddable":true,"href":"https:\/\/www.woodworksdirect.com\/es\/wp-json\/wp\/v2\/comments?post=14641"}],"version-history":[{"count":16,"href":"https:\/\/www.woodworksdirect.com\/es\/wp-json\/wp\/v2\/pages\/14641\/revisions"}],"predecessor-version":[{"id":16494,"href":"https:\/\/www.woodworksdirect.com\/es\/wp-json\/wp\/v2\/pages\/14641\/revisions\/16494"}],"wp:attachment":[{"href":"https:\/\/www.woodworksdirect.com\/es\/wp-json\/wp\/v2\/media?parent=14641"}],"curies":[{"name":"wp","href":"https:\/\/api.w.org\/{rel}","templated":true}]}}