{"id":14590,"date":"2017-08-02T11:06:28","date_gmt":"2017-08-02T09:06:28","guid":{"rendered":"https:\/\/www.woodworksdirect.com\/pergolas\/"},"modified":"2026-04-02T10:47:40","modified_gmt":"2026-04-02T08:47:40","slug":"pergolas","status":"publish","type":"page","link":"https:\/\/www.woodworksdirect.com\/es\/pergolas\/","title":{"rendered":"P\u00e9rgolas"},"content":{"rendered":"<section class=\"wpb-content-wrapper\"><p>[vc_row][vc_column width=\u00bb2\/3&#8243;]<div class=\"section_header tblock-box text-left  \"><h2 class=\"tblock \" >Pergolas - un punto focal natural<\/h2><\/div><div class=\"blank-spacer clearfix  \"  style=\"margin-bottom:25px !important; clear:both;\"><\/div>[vc_column_text]Muchos jardines carecen de ese car\u00e1cter distintivo que tu como individuo podr\u00eda poner en su jard\u00edn, deje que una p\u00e9rgola transforme su perspectiva y vincule permanentemente su casa con su jard\u00edn. Esta asociaci\u00f3n cambiar\u00e1 siempre a medida que se desarrollen las estaciones, plantando cuidadosamente una selecci\u00f3n de plantas, una p\u00e9rgola puede proporcionar un fondo emocionante para todas sus plantas y la vida silvestre durante todo el a\u00f1o. Deje que una p\u00e9rgola se convierta en un punto focal natural en su jard\u00edn, como una pasarela encantadora o zona de descanso ideal para las plantas trepadoras de su elecci\u00f3n<\/p>\n<p>Todas nuestras p\u00e9rgolas horizontales est\u00e1n hechas de 150mm x 50mm y los postes de 100mm x 100mm a menos que se necesiten requisitos especiales. Esto proporciona una buena y s\u00f3lida estructura de primas.<\/p>\n<p>Todas las p\u00e9rgolas vienen con los pernos y tornillos necesarios. Adem\u00e1s, proporcionamos un folleto de instrucciones, paso a paso, con \u00fatiles im\u00e1genes.[\/vc_column_text][vc_masonry_media_grid element_width=\u00bb6&#8243; grid_id=\u00bbvc_gid:1775119651220-8058aff2-c1de-8&#8243; include=\u00bb10041,10039,8021,10037,8027,8023&#8243;][vc_column_text]Cabe destacar las dimensiones de la madera que utilizan nuestros competidores. Estos son principalmente muy delgados y de calibre ligero. Esta endeblez proporciona poco o ning\u00fan apoyo, y puede dar lugar a que la estructura se vuelva peligrosa, especialmente en algunas partes de Espa\u00f1a donde hay viento y condiciones invernales.[\/vc_column_text][vc_btn title=\u00bbVer galer\u00eda completa\u00bb color=\u00bbsuccess\u00bb align=\u00bbcenter\u00bb link=\u00bburl:%2Fwwd%3Fgallery_type%3Dpergola|\u00bb][\/vc_column][vc_column width=\u00bb1\/3&#8243;]<div class=\"section_header tblock-box text-left  \"><h2 class=\"tblock \" >Cont\u00e1ctenos<\/h2><\/div><div class=\"blank-spacer clearfix  \"  style=\"margin-bottom:25px !important; clear:both;\"><\/div>\n<div class=\"wpcf7 no-js\" id=\"wpcf7-f14570-o1\" lang=\"es-ES\" dir=\"ltr\">\n<div class=\"screen-reader-response\"><p role=\"status\" aria-live=\"polite\" aria-atomic=\"true\"><\/p> <ul><\/ul><\/div>\n<form action=\"\/es\/wp-json\/wp\/v2\/pages\/14590#wpcf7-f14570-o1\" method=\"post\" class=\"wpcf7-form init\" aria-label=\"Formulario de contacto\" novalidate=\"novalidate\" data-status=\"init\">\n<div style=\"display: none;\">\n<input type=\"hidden\" name=\"_wpcf7\" value=\"14570\" \/>\n<input type=\"hidden\" name=\"_wpcf7_version\" value=\"5.7.4\" \/>\n<input type=\"hidden\" name=\"_wpcf7_locale\" value=\"es_ES\" \/>\n<input type=\"hidden\" name=\"_wpcf7_unit_tag\" value=\"wpcf7-f14570-o1\" \/>\n<input type=\"hidden\" name=\"_wpcf7_container_post\" value=\"0\" \/>\n<input type=\"hidden\" name=\"_wpcf7_posted_data_hash\" value=\"\" \/>\n<input type=\"hidden\" name=\"_wpcf7cf_hidden_group_fields\" value=\"[]\" \/>\n<input type=\"hidden\" name=\"_wpcf7cf_hidden_groups\" value=\"[]\" \/>\n<input type=\"hidden\" name=\"_wpcf7cf_visible_groups\" value=\"[]\" \/>\n<input type=\"hidden\" name=\"_wpcf7cf_repeaters\" value=\"[]\" \/>\n<input type=\"hidden\" name=\"_wpcf7cf_steps\" value=\"{}\" \/>\n<input type=\"hidden\" name=\"_wpcf7cf_options\" value=\"{&quot;form_id&quot;:14570,&quot;conditions&quot;:[{&quot;then_field&quot;:&quot;how-did-hear&quot;,&quot;and_rules&quot;:[{&quot;if_field&quot;:&quot;how-hear&quot;,&quot;operator&quot;:&quot;equals&quot;,&quot;if_value&quot;:&quot;Other&quot;}]}],&quot;settings&quot;:{&quot;animation&quot;:&quot;yes&quot;,&quot;animation_intime&quot;:200,&quot;animation_outtime&quot;:200,&quot;conditions_ui&quot;:&quot;normal&quot;,&quot;notice_dismissed&quot;:false}}\" \/>\n<input type=\"hidden\" name=\"_wpcf7_recaptcha_response\" value=\"\" \/>\n<\/div>\n<p><span class=\"wpcf7-form-control-wrap\" data-name=\"your-name\"><input size=\"40\" class=\"wpcf7-form-control wpcf7-text wpcf7-validates-as-required form-control\" aria-required=\"true\" aria-invalid=\"false\" placeholder=\"Nombre\" value=\"\" type=\"text\" name=\"your-name\" \/><\/span><br \/>\n<span class=\"wpcf7-form-control-wrap\" data-name=\"your-email\"><input size=\"40\" class=\"wpcf7-form-control wpcf7-text wpcf7-email wpcf7-validates-as-required wpcf7-validates-as-email form-control\" aria-required=\"true\" aria-invalid=\"false\" placeholder=\"Email\" value=\"\" type=\"email\" name=\"your-email\" \/><\/span><br \/>\n<span class=\"wpcf7-form-control-wrap\" data-name=\"your-email-confirm\"><input size=\"40\" class=\"wpcf7-form-control wpcf7-text wpcf7-email wpcf7-validates-as-required wpcf7-validates-as-email form-control\" aria-required=\"true\" aria-invalid=\"false\" placeholder=\"Confirmar Email\" value=\"\" type=\"email\" name=\"your-email-confirm\" \/><\/span><br \/>\n<span class=\"wpcf7-form-control-wrap\" data-name=\"telno\"><input size=\"40\" class=\"wpcf7-form-control wpcf7-text wpcf7-validates-as-required form-control\" aria-required=\"true\" aria-invalid=\"false\" placeholder=\"Tel\u00e9fono\" value=\"\" type=\"text\" name=\"telno\" \/><\/span><br \/>\n<span class=\"wpcf7-form-control-wrap\" data-name=\"location\"><input size=\"40\" class=\"wpcf7-form-control wpcf7-text wpcf7-validates-as-required form-control\" aria-required=\"true\" aria-invalid=\"false\" placeholder=\"Su pueblo\/ciudad m\u00e1s cercano\" value=\"\" type=\"text\" name=\"location\" \/><\/span><br \/>\n<span class=\"wpcf7-form-control-wrap\" data-name=\"your-subject\"><input size=\"40\" class=\"wpcf7-form-control wpcf7-text wpcf7-validates-as-required form-control\" aria-required=\"true\" aria-invalid=\"false\" placeholder=\"Asunto\" value=\"\" type=\"text\" name=\"your-subject\" \/><\/span><br \/>\n<span class=\"wpcf7-form-control-wrap\" data-name=\"your-message\"><textarea cols=\"40\" rows=\"6\" class=\"wpcf7-form-control wpcf7-textarea wpcf7-validates-as-required form-control\" aria-required=\"true\" aria-invalid=\"false\" placeholder=\"Mensaje\" name=\"your-message\"><\/textarea><\/span>\n<\/p>\n<div>\n\t<p>\u00bfC\u00f3mo se enter\u00f3 de nuestra existencia?\n\t<\/p>\n<\/div>\n<p><span class=\"wpcf7-form-control-wrap\" data-name=\"how-hear\"><select class=\"wpcf7-form-control wpcf7-select wpcf7-validates-as-required\" aria-required=\"true\" aria-invalid=\"false\" name=\"how-hear\"><option value=\"\">&#8212;Por favor, elige una opci\u00f3n&#8212;<\/option><option value=\"Euroweekly\">Euroweekly<\/option><option value=\"Female Focus\">Female Focus<\/option><option value=\"Costa Calida Chronicle\">Costa Calida Chronicle<\/option><option value=\"Facebook\">Facebook<\/option><option value=\"Individual&#039;s recommendation\">Individual&#039;s recommendation<\/option><option value=\"Google\">Google<\/option><option value=\"Other\">Other<\/option><\/select><\/span>\n<\/p>\n<div data-id=\"how-did-hear\" data-orig_data_id=\"how-did-hear\"  data-class=\"wpcf7cf_group\">\n\t<p><span class=\"wpcf7-form-control-wrap\" data-name=\"how-hear-other\"><input size=\"40\" class=\"wpcf7-form-control wpcf7-text form-control\" aria-invalid=\"false\" placeholder=\"H\u00e1ganos saber c\u00f3mo\" value=\"\" type=\"text\" name=\"how-hear-other\" \/><\/span>\n\t<\/p>\n<\/div>\n\n<div class=\"row m0\">\n\t<p><input class=\"wpcf7-form-control has-spinner wpcf7-submit btn btn-default submit\" type=\"submit\" value=\"Enviar Ahora\" \/>\n\t<\/p>\n<\/div><div class=\"wpcf7-response-output\" aria-hidden=\"true\"><\/div>\n<\/form>\n<\/div>\n<div class=\"blank-spacer clearfix  \"  style=\"margin-bottom:25px !important; clear:both;\"><\/div>[\/vc_column][\/vc_row]<\/p>\n<\/section>","protected":false},"excerpt":{"rendered":"<p>[vc_row][vc_column width=\u00bb2\/3&#8243;][vc_column_text]Muchos jardines carecen de ese car\u00e1cter distintivo que tu como individuo podr\u00eda poner en su jard\u00edn, deje que una p\u00e9rgola transforme su perspectiva y vincule permanentemente su casa con su jard\u00edn. Esta asociaci\u00f3n cambiar\u00e1 siempre a medida que se desarrollen las estaciones, plantando cuidadosamente una selecci\u00f3n de plantas, una p\u00e9rgola puede proporcionar un fondo [&hellip;]<\/p>\n","protected":false},"author":1,"featured_media":0,"parent":0,"menu_order":10,"comment_status":"closed","ping_status":"closed","template":"","meta":{"om_disable_all_campaigns":false,"_monsterinsights_skip_tracking":false,"_monsterinsights_sitenote_active":false,"_monsterinsights_sitenote_note":"","_monsterinsights_sitenote_category":0,"_uf_show_specific_survey":0,"_uf_disable_surveys":false},"acf":[],"aioseo_notices":[],"yoast_head":"<!-- This site is optimized with the Yoast SEO plugin v20.2.1 - https:\/\/yoast.com\/wordpress\/plugins\/seo\/ -->\n<title>P\u00e9rgolas | Woodworks Direct<\/title>\n<meta name=\"description\" content=\"Muchos jardines carecen de ese car\u00e1cter distintivo que usted como individuo podr\u00eda poner en su jard\u00edn, deje que una P\u00e9rgola transforme su perspectiva.\" \/>\n<meta name=\"robots\" content=\"index, follow, max-snippet:-1, max-image-preview:large, max-video-preview:-1\" \/>\n<link rel=\"canonical\" href=\"https:\/\/www.woodworksdirect.com\/es\/pergolas\/\" \/>\n<meta property=\"og:locale\" content=\"es_ES\" \/>\n<meta property=\"og:type\" content=\"article\" \/>\n<meta property=\"og:title\" content=\"P\u00e9rgolas | Woodworks Direct\" \/>\n<meta property=\"og:description\" content=\"Muchos jardines carecen de ese car\u00e1cter distintivo que usted como individuo podr\u00eda poner en su jard\u00edn, deje que una P\u00e9rgola transforme su perspectiva.\" \/>\n<meta property=\"og:url\" content=\"https:\/\/www.woodworksdirect.com\/es\/pergolas\/\" \/>\n<meta property=\"og:site_name\" content=\"Woodworks Direct\" \/>\n<meta property=\"article:publisher\" content=\"https:\/\/www.facebook.com\/WoodWorksDirect\/\" \/>\n<meta property=\"article:modified_time\" content=\"2026-04-02T08:47:40+00:00\" \/>\n<meta name=\"twitter:card\" content=\"summary_large_image\" \/>\n<meta name=\"twitter:site\" content=\"@woodworksdirect\" \/>\n<meta name=\"twitter:label1\" content=\"Tiempo de lectura\" \/>\n\t<meta name=\"twitter:data1\" content=\"2 minutos\" \/>\n<script type=\"application\/ld+json\" class=\"yoast-schema-graph\">{\"@context\":\"https:\/\/schema.org\",\"@graph\":[{\"@type\":\"WebPage\",\"@id\":\"https:\/\/www.woodworksdirect.com\/es\/pergolas\/\",\"url\":\"https:\/\/www.woodworksdirect.com\/es\/pergolas\/\",\"name\":\"P\u00e9rgolas | Woodworks Direct\",\"isPartOf\":{\"@id\":\"https:\/\/www.woodworksdirect.com\/es\/#website\"},\"datePublished\":\"2017-08-02T09:06:28+00:00\",\"dateModified\":\"2026-04-02T08:47:40+00:00\",\"description\":\"Muchos jardines carecen de ese car\u00e1cter distintivo que usted como individuo podr\u00eda poner en su jard\u00edn, deje que una P\u00e9rgola transforme su perspectiva.\",\"breadcrumb\":{\"@id\":\"https:\/\/www.woodworksdirect.com\/es\/pergolas\/#breadcrumb\"},\"inLanguage\":\"es\",\"potentialAction\":[{\"@type\":\"ReadAction\",\"target\":[\"https:\/\/www.woodworksdirect.com\/es\/pergolas\/\"]}]},{\"@type\":\"BreadcrumbList\",\"@id\":\"https:\/\/www.woodworksdirect.com\/es\/pergolas\/#breadcrumb\",\"itemListElement\":[{\"@type\":\"ListItem\",\"position\":1,\"name\":\"Home\",\"item\":\"https:\/\/www.woodworksdirect.com\/es\/\"},{\"@type\":\"ListItem\",\"position\":2,\"name\":\"P\u00e9rgolas\"}]},{\"@type\":\"WebSite\",\"@id\":\"https:\/\/www.woodworksdirect.com\/es\/#website\",\"url\":\"https:\/\/www.woodworksdirect.com\/es\/\",\"name\":\"Woodworks Direct\",\"description\":\"Pergolas &amp; Carports delivered to your door.\",\"potentialAction\":[{\"@type\":\"SearchAction\",\"target\":{\"@type\":\"EntryPoint\",\"urlTemplate\":\"https:\/\/www.woodworksdirect.com\/es\/?s={search_term_string}\"},\"query-input\":\"required name=search_term_string\"}],\"inLanguage\":\"es\"}]}<\/script>\n<!-- \/ Yoast SEO plugin. -->","yoast_head_json":{"title":"P\u00e9rgolas | Woodworks Direct","description":"Muchos jardines carecen de ese car\u00e1cter distintivo que usted como individuo podr\u00eda poner en su jard\u00edn, deje que una P\u00e9rgola transforme su perspectiva.","robots":{"index":"index","follow":"follow","max-snippet":"max-snippet:-1","max-image-preview":"max-image-preview:large","max-video-preview":"max-video-preview:-1"},"canonical":"https:\/\/www.woodworksdirect.com\/es\/pergolas\/","og_locale":"es_ES","og_type":"article","og_title":"P\u00e9rgolas | Woodworks Direct","og_description":"Muchos jardines carecen de ese car\u00e1cter distintivo que usted como individuo podr\u00eda poner en su jard\u00edn, deje que una P\u00e9rgola transforme su perspectiva.","og_url":"https:\/\/www.woodworksdirect.com\/es\/pergolas\/","og_site_name":"Woodworks Direct","article_publisher":"https:\/\/www.facebook.com\/WoodWorksDirect\/","article_modified_time":"2026-04-02T08:47:40+00:00","twitter_card":"summary_large_image","twitter_site":"@woodworksdirect","twitter_misc":{"Tiempo de lectura":"2 minutos"},"schema":{"@context":"https:\/\/schema.org","@graph":[{"@type":"WebPage","@id":"https:\/\/www.woodworksdirect.com\/es\/pergolas\/","url":"https:\/\/www.woodworksdirect.com\/es\/pergolas\/","name":"P\u00e9rgolas | Woodworks Direct","isPartOf":{"@id":"https:\/\/www.woodworksdirect.com\/es\/#website"},"datePublished":"2017-08-02T09:06:28+00:00","dateModified":"2026-04-02T08:47:40+00:00","description":"Muchos jardines carecen de ese car\u00e1cter distintivo que usted como individuo podr\u00eda poner en su jard\u00edn, deje que una P\u00e9rgola transforme su perspectiva.","breadcrumb":{"@id":"https:\/\/www.woodworksdirect.com\/es\/pergolas\/#breadcrumb"},"inLanguage":"es","potentialAction":[{"@type":"ReadAction","target":["https:\/\/www.woodworksdirect.com\/es\/pergolas\/"]}]},{"@type":"BreadcrumbList","@id":"https:\/\/www.woodworksdirect.com\/es\/pergolas\/#breadcrumb","itemListElement":[{"@type":"ListItem","position":1,"name":"Home","item":"https:\/\/www.woodworksdirect.com\/es\/"},{"@type":"ListItem","position":2,"name":"P\u00e9rgolas"}]},{"@type":"WebSite","@id":"https:\/\/www.woodworksdirect.com\/es\/#website","url":"https:\/\/www.woodworksdirect.com\/es\/","name":"Woodworks Direct","description":"Pergolas &amp; Carports delivered to your door.","potentialAction":[{"@type":"SearchAction","target":{"@type":"EntryPoint","urlTemplate":"https:\/\/www.woodworksdirect.com\/es\/?s={search_term_string}"},"query-input":"required name=search_term_string"}],"inLanguage":"es"}]}},"_links":{"self":[{"href":"https:\/\/www.woodworksdirect.com\/es\/wp-json\/wp\/v2\/pages\/14590"}],"collection":[{"href":"https:\/\/www.woodworksdirect.com\/es\/wp-json\/wp\/v2\/pages"}],"about":[{"href":"https:\/\/www.woodworksdirect.com\/es\/wp-json\/wp\/v2\/types\/page"}],"author":[{"embeddable":true,"href":"https:\/\/www.woodworksdirect.com\/es\/wp-json\/wp\/v2\/users\/1"}],"replies":[{"embeddable":true,"href":"https:\/\/www.woodworksdirect.com\/es\/wp-json\/wp\/v2\/comments?post=14590"}],"version-history":[{"count":12,"href":"https:\/\/www.woodworksdirect.com\/es\/wp-json\/wp\/v2\/pages\/14590\/revisions"}],"predecessor-version":[{"id":18118,"href":"https:\/\/www.woodworksdirect.com\/es\/wp-json\/wp\/v2\/pages\/14590\/revisions\/18118"}],"wp:attachment":[{"href":"https:\/\/www.woodworksdirect.com\/es\/wp-json\/wp\/v2\/media?parent=14590"}],"curies":[{"name":"wp","href":"https:\/\/api.w.org\/{rel}","templated":true}]}}