{"id":14571,"date":"2016-04-23T02:02:01","date_gmt":"2016-04-23T00:02:01","guid":{"rendered":"https:\/\/www.woodworksdirect.com\/contacto\/"},"modified":"2025-05-21T12:01:46","modified_gmt":"2025-05-21T10:01:46","slug":"contacto","status":"publish","type":"page","link":"https:\/\/www.woodworksdirect.com\/es\/contacto\/","title":{"rendered":"Contacto"},"content":{"rendered":"<section class=\"wpb-content-wrapper\"><p>[vc_row newlayout=\u00bbFixed\u00bb][vc_column]<div class=\"blank-spacer clearfix  \"  style=\"margin-bottom:80px !important; clear:both;\"><\/div>[\/vc_column][\/vc_row][vc_row newlayout=\u00bbFixed\u00bb el_class=\u00bbtouch\u00bb][vc_column width=\u00bb1\/2&#8243;][vc_row_inner][vc_column_inner]<div class=\"section_header tblock-box text-left  \"><h2 class=\"tblock \" >C\u00f3mo ponerse en contacto<\/h2><\/div><div class=\"blank-spacer clearfix  \"  style=\"margin-bottom:25px !important; clear:both;\"><\/div>[vc_column_text]<strong>Woodworks Direct S.L.U.<\/strong><br \/>\nCasas de los Frailes, 11<br \/>\nCa\u00f1ada Del Le\u00f1a (Los Gabrieles)<br \/>\nAbanilla, 30648,Murcia<\/p>\n<p>&nbsp;<\/p>\n<p><strong>Tel\u00e9fono de la oficina:<\/strong><\/p>\n<p>+34 966 195 522<\/p>\n<p>&nbsp;<\/p>\n<p><strong>Simon Whitworth<\/strong> <span style=\"color: #000080;\">Ingl\u00e9s <\/span><\/p>\n<p>M\u00f3vil: +34 649 540 016<\/p>\n<p><strong>Lauren Munro<\/strong> <i class=\"fa fa-comments-o\" aria-hidden=\"true\"><\/i> <span style=\"color: #000080;\">Ingl\u00e9s<\/span> <i class=\"fa fa-comments-o\" aria-hidden=\"true\"><\/i> <span style=\"color: #ff0000;\">Espa\u00f1ol<\/span><\/p>\n<p>M\u00f3vil: +34 684 410 324<\/p>\n<p><strong>Yvette Heij<\/strong> <i class=\"fa fa-comments-o\" aria-hidden=\"true\"><\/i> <span style=\"color: darkgreen;\">Nederlands<\/span><\/p>\n<p>Mob: +34 691 024 400<\/p>\n<p>&nbsp;<\/p>\n<p><strong>Horario de apertura de la oficina:<\/strong><\/p>\n<p>(09.00-16.00 de lunes a viernes)<br \/>\n(09.00-16.00 Lunes a Viernes)<\/p>\n<p>&nbsp;<\/p>\n<p>Haga clic aqu\u00ed para encontrarnos en google maps: <a href=\"https:\/\/goo.gl\/maps\/6o4V6DNSj3cxtx8o8\">https:\/\/goo.gl\/maps\/6o4V6DNSj3cxtx8o8<\/a>[\/vc_column_text][\/vc_column_inner][\/vc_row_inner][\/vc_column][vc_column width=\u00bb1\/2&#8243; el_class=\u00bbtouch_bg\u00bb]<div class=\"blank-spacer clearfix  \"  style=\"margin-bottom:-80px !important; clear:both;\"><\/div>[vc_column_text el_class=\u00bbtouch_middle\u00bb]<\/p>\n<div class=\"input_form\">\n<div class=\"wpcf7 no-js\" id=\"wpcf7-f14570-o1\" lang=\"es-ES\" dir=\"ltr\">\n<div class=\"screen-reader-response\"><p role=\"status\" aria-live=\"polite\" aria-atomic=\"true\"><\/p> <ul><\/ul><\/div>\n<form action=\"\/es\/wp-json\/wp\/v2\/pages\/14571#wpcf7-f14570-o1\" method=\"post\" class=\"wpcf7-form init\" aria-label=\"Formulario de contacto\" novalidate=\"novalidate\" data-status=\"init\">\n<div style=\"display: none;\">\n<input type=\"hidden\" name=\"_wpcf7\" value=\"14570\" \/>\n<input type=\"hidden\" name=\"_wpcf7_version\" value=\"5.7.4\" \/>\n<input type=\"hidden\" name=\"_wpcf7_locale\" value=\"es_ES\" \/>\n<input type=\"hidden\" name=\"_wpcf7_unit_tag\" value=\"wpcf7-f14570-o1\" \/>\n<input type=\"hidden\" name=\"_wpcf7_container_post\" value=\"0\" \/>\n<input type=\"hidden\" name=\"_wpcf7_posted_data_hash\" value=\"\" \/>\n<input type=\"hidden\" name=\"_wpcf7cf_hidden_group_fields\" value=\"[]\" \/>\n<input type=\"hidden\" name=\"_wpcf7cf_hidden_groups\" value=\"[]\" \/>\n<input type=\"hidden\" name=\"_wpcf7cf_visible_groups\" value=\"[]\" \/>\n<input type=\"hidden\" name=\"_wpcf7cf_repeaters\" value=\"[]\" \/>\n<input type=\"hidden\" name=\"_wpcf7cf_steps\" value=\"{}\" \/>\n<input type=\"hidden\" name=\"_wpcf7cf_options\" value=\"{&quot;form_id&quot;:14570,&quot;conditions&quot;:[{&quot;then_field&quot;:&quot;how-did-hear&quot;,&quot;and_rules&quot;:[{&quot;if_field&quot;:&quot;how-hear&quot;,&quot;operator&quot;:&quot;equals&quot;,&quot;if_value&quot;:&quot;Other&quot;}]}],&quot;settings&quot;:{&quot;animation&quot;:&quot;yes&quot;,&quot;animation_intime&quot;:200,&quot;animation_outtime&quot;:200,&quot;conditions_ui&quot;:&quot;normal&quot;,&quot;notice_dismissed&quot;:false}}\" \/>\n<input type=\"hidden\" name=\"_wpcf7_recaptcha_response\" value=\"\" \/>\n<\/div>\n<p><span class=\"wpcf7-form-control-wrap\" data-name=\"your-name\"><input size=\"40\" class=\"wpcf7-form-control wpcf7-text wpcf7-validates-as-required form-control\" aria-required=\"true\" aria-invalid=\"false\" placeholder=\"Nombre\" value=\"\" type=\"text\" name=\"your-name\" \/><\/span><br \/>\n<span class=\"wpcf7-form-control-wrap\" data-name=\"your-email\"><input size=\"40\" class=\"wpcf7-form-control wpcf7-text wpcf7-email wpcf7-validates-as-required wpcf7-validates-as-email form-control\" aria-required=\"true\" aria-invalid=\"false\" placeholder=\"Email\" value=\"\" type=\"email\" name=\"your-email\" \/><\/span><br \/>\n<span class=\"wpcf7-form-control-wrap\" data-name=\"your-email-confirm\"><input size=\"40\" class=\"wpcf7-form-control wpcf7-text wpcf7-email wpcf7-validates-as-required wpcf7-validates-as-email form-control\" aria-required=\"true\" aria-invalid=\"false\" placeholder=\"Confirmar Email\" value=\"\" type=\"email\" name=\"your-email-confirm\" \/><\/span><br \/>\n<span class=\"wpcf7-form-control-wrap\" data-name=\"telno\"><input size=\"40\" class=\"wpcf7-form-control wpcf7-text wpcf7-validates-as-required form-control\" aria-required=\"true\" aria-invalid=\"false\" placeholder=\"Tel\u00e9fono\" value=\"\" type=\"text\" name=\"telno\" \/><\/span><br \/>\n<span class=\"wpcf7-form-control-wrap\" data-name=\"location\"><input size=\"40\" class=\"wpcf7-form-control wpcf7-text wpcf7-validates-as-required form-control\" aria-required=\"true\" aria-invalid=\"false\" placeholder=\"Su pueblo\/ciudad m\u00e1s cercano\" value=\"\" type=\"text\" name=\"location\" \/><\/span><br \/>\n<span class=\"wpcf7-form-control-wrap\" data-name=\"your-subject\"><input size=\"40\" class=\"wpcf7-form-control wpcf7-text wpcf7-validates-as-required form-control\" aria-required=\"true\" aria-invalid=\"false\" placeholder=\"Asunto\" value=\"\" type=\"text\" name=\"your-subject\" \/><\/span><br \/>\n<span class=\"wpcf7-form-control-wrap\" data-name=\"your-message\"><textarea cols=\"40\" rows=\"6\" class=\"wpcf7-form-control wpcf7-textarea wpcf7-validates-as-required form-control\" aria-required=\"true\" aria-invalid=\"false\" placeholder=\"Mensaje\" name=\"your-message\"><\/textarea><\/span>\n<\/p>\n<div>\n\t<p>\u00bfC\u00f3mo se enter\u00f3 de nuestra existencia?\n\t<\/p>\n<\/div>\n<p><span class=\"wpcf7-form-control-wrap\" data-name=\"how-hear\"><select class=\"wpcf7-form-control wpcf7-select wpcf7-validates-as-required\" aria-required=\"true\" aria-invalid=\"false\" name=\"how-hear\"><option value=\"\">&#8212;Por favor, elige una opci\u00f3n&#8212;<\/option><option value=\"Euroweekly\">Euroweekly<\/option><option value=\"Female Focus\">Female Focus<\/option><option value=\"Costa Calida Chronicle\">Costa Calida Chronicle<\/option><option value=\"Facebook\">Facebook<\/option><option value=\"Individual&#039;s recommendation\">Individual&#039;s recommendation<\/option><option value=\"Google\">Google<\/option><option value=\"Other\">Other<\/option><\/select><\/span>\n<\/p>\n<div data-id=\"how-did-hear\" data-orig_data_id=\"how-did-hear\"  data-class=\"wpcf7cf_group\">\n\t<p><span class=\"wpcf7-form-control-wrap\" data-name=\"how-hear-other\"><input size=\"40\" class=\"wpcf7-form-control wpcf7-text form-control\" aria-invalid=\"false\" placeholder=\"H\u00e1ganos saber c\u00f3mo\" value=\"\" type=\"text\" name=\"how-hear-other\" \/><\/span>\n\t<\/p>\n<\/div>\n\n<div class=\"row m0\">\n\t<p><input class=\"wpcf7-form-control has-spinner wpcf7-submit btn btn-default submit\" type=\"submit\" value=\"Enviar Ahora\" \/>\n\t<\/p>\n<\/div><div class=\"wpcf7-response-output\" aria-hidden=\"true\"><\/div>\n<\/form>\n<\/div>\n<\/div>\n<p>[\/vc_column_text][\/vc_column][\/vc_row][vc_row newlayout=\u00bbFixed\u00bb][vc_column]<div class=\"blank-spacer clearfix  \"  style=\"margin-bottom:80px !important; clear:both;\"><\/div>[\/vc_column][\/vc_row]<\/p>\n<\/section>","protected":false},"excerpt":{"rendered":"<p>[vc_row newlayout=\u00bbFixed\u00bb][vc_column][\/vc_column][\/vc_row][vc_row newlayout=\u00bbFixed\u00bb el_class=\u00bbtouch\u00bb][vc_column width=\u00bb1\/2&#8243;][vc_row_inner][vc_column_inner][vc_column_text]Woodworks Direct S.L.U. Casas de los Frailes, 11 Ca\u00f1ada Del Le\u00f1a (Los Gabrieles) Abanilla, 30648,Murcia &nbsp; Tel\u00e9fono de la oficina: +34 966 195 522 &nbsp; Simon Whitworth Ingl\u00e9s M\u00f3vil: +34 649 540 016 Lauren Munro Ingl\u00e9s Espa\u00f1ol M\u00f3vil: +34 684 410 324 Yvette Heij Nederlands Mob: +34 691 024 400 &nbsp; [&hellip;]<\/p>\n","protected":false},"author":1,"featured_media":0,"parent":0,"menu_order":0,"comment_status":"closed","ping_status":"closed","template":"page-fluid.php","meta":{"om_disable_all_campaigns":false,"_monsterinsights_skip_tracking":false,"_monsterinsights_sitenote_active":false,"_monsterinsights_sitenote_note":"","_monsterinsights_sitenote_category":0,"_uf_show_specific_survey":0,"_uf_disable_surveys":false},"acf":[],"aioseo_notices":[],"yoast_head":"<!-- This site is optimized with the Yoast SEO plugin v20.2.1 - https:\/\/yoast.com\/wordpress\/plugins\/seo\/ -->\n<title>Contacto | Woodworks Direct<\/title>\n<meta name=\"description\" content=\"Woodworks Direct S.L.U. Casas de los Frailes, 11 Ca\u00f1ada Del Le\u00f1a (Los Gabrieles) Abanilla, 30648,Murcia &nbsp; Tel\u00e9fono de la oficina: +34 966 195\" \/>\n<meta name=\"robots\" content=\"index, follow, max-snippet:-1, max-image-preview:large, max-video-preview:-1\" \/>\n<link rel=\"canonical\" href=\"https:\/\/www.woodworksdirect.com\/es\/contacto\/\" \/>\n<meta property=\"og:locale\" content=\"es_ES\" \/>\n<meta property=\"og:type\" content=\"article\" \/>\n<meta property=\"og:title\" content=\"Contacto | Woodworks Direct\" \/>\n<meta property=\"og:description\" content=\"Woodworks Direct S.L.U. Casas de los Frailes, 11 Ca\u00f1ada Del Le\u00f1a (Los Gabrieles) Abanilla, 30648,Murcia &nbsp; Tel\u00e9fono de la oficina: +34 966 195\" \/>\n<meta property=\"og:url\" content=\"https:\/\/www.woodworksdirect.com\/es\/contacto\/\" \/>\n<meta property=\"og:site_name\" content=\"Woodworks Direct\" \/>\n<meta property=\"article:publisher\" content=\"https:\/\/www.facebook.com\/WoodWorksDirect\/\" \/>\n<meta property=\"article:modified_time\" content=\"2025-05-21T10:01:46+00:00\" \/>\n<meta name=\"twitter:card\" content=\"summary_large_image\" \/>\n<meta name=\"twitter:site\" content=\"@woodworksdirect\" \/>\n<meta name=\"twitter:label1\" content=\"Tiempo de lectura\" \/>\n\t<meta name=\"twitter:data1\" content=\"1 minuto\" \/>\n<script type=\"application\/ld+json\" class=\"yoast-schema-graph\">{\"@context\":\"https:\/\/schema.org\",\"@graph\":[{\"@type\":\"WebPage\",\"@id\":\"https:\/\/www.woodworksdirect.com\/es\/contacto\/\",\"url\":\"https:\/\/www.woodworksdirect.com\/es\/contacto\/\",\"name\":\"Contacto | Woodworks Direct\",\"isPartOf\":{\"@id\":\"https:\/\/www.woodworksdirect.com\/es\/#website\"},\"datePublished\":\"2016-04-23T00:02:01+00:00\",\"dateModified\":\"2025-05-21T10:01:46+00:00\",\"description\":\"Woodworks Direct S.L.U. Casas de los Frailes, 11 Ca\u00f1ada Del Le\u00f1a (Los Gabrieles) Abanilla, 30648,Murcia &nbsp; Tel\u00e9fono de la oficina: +34 966 195\",\"breadcrumb\":{\"@id\":\"https:\/\/www.woodworksdirect.com\/es\/contacto\/#breadcrumb\"},\"inLanguage\":\"es\",\"potentialAction\":[{\"@type\":\"ReadAction\",\"target\":[\"https:\/\/www.woodworksdirect.com\/es\/contacto\/\"]}]},{\"@type\":\"BreadcrumbList\",\"@id\":\"https:\/\/www.woodworksdirect.com\/es\/contacto\/#breadcrumb\",\"itemListElement\":[{\"@type\":\"ListItem\",\"position\":1,\"name\":\"Home\",\"item\":\"https:\/\/www.woodworksdirect.com\/es\/\"},{\"@type\":\"ListItem\",\"position\":2,\"name\":\"Contacto\"}]},{\"@type\":\"WebSite\",\"@id\":\"https:\/\/www.woodworksdirect.com\/es\/#website\",\"url\":\"https:\/\/www.woodworksdirect.com\/es\/\",\"name\":\"Woodworks Direct\",\"description\":\"Pergolas &amp; Carports delivered to your door.\",\"potentialAction\":[{\"@type\":\"SearchAction\",\"target\":{\"@type\":\"EntryPoint\",\"urlTemplate\":\"https:\/\/www.woodworksdirect.com\/es\/?s={search_term_string}\"},\"query-input\":\"required name=search_term_string\"}],\"inLanguage\":\"es\"}]}<\/script>\n<!-- \/ Yoast SEO plugin. -->","yoast_head_json":{"title":"Contacto | Woodworks Direct","description":"Woodworks Direct S.L.U. Casas de los Frailes, 11 Ca\u00f1ada Del Le\u00f1a (Los Gabrieles) Abanilla, 30648,Murcia &nbsp; Tel\u00e9fono de la oficina: +34 966 195","robots":{"index":"index","follow":"follow","max-snippet":"max-snippet:-1","max-image-preview":"max-image-preview:large","max-video-preview":"max-video-preview:-1"},"canonical":"https:\/\/www.woodworksdirect.com\/es\/contacto\/","og_locale":"es_ES","og_type":"article","og_title":"Contacto | Woodworks Direct","og_description":"Woodworks Direct S.L.U. Casas de los Frailes, 11 Ca\u00f1ada Del Le\u00f1a (Los Gabrieles) Abanilla, 30648,Murcia &nbsp; Tel\u00e9fono de la oficina: +34 966 195","og_url":"https:\/\/www.woodworksdirect.com\/es\/contacto\/","og_site_name":"Woodworks Direct","article_publisher":"https:\/\/www.facebook.com\/WoodWorksDirect\/","article_modified_time":"2025-05-21T10:01:46+00:00","twitter_card":"summary_large_image","twitter_site":"@woodworksdirect","twitter_misc":{"Tiempo de lectura":"1 minuto"},"schema":{"@context":"https:\/\/schema.org","@graph":[{"@type":"WebPage","@id":"https:\/\/www.woodworksdirect.com\/es\/contacto\/","url":"https:\/\/www.woodworksdirect.com\/es\/contacto\/","name":"Contacto | Woodworks Direct","isPartOf":{"@id":"https:\/\/www.woodworksdirect.com\/es\/#website"},"datePublished":"2016-04-23T00:02:01+00:00","dateModified":"2025-05-21T10:01:46+00:00","description":"Woodworks Direct S.L.U. Casas de los Frailes, 11 Ca\u00f1ada Del Le\u00f1a (Los Gabrieles) Abanilla, 30648,Murcia &nbsp; Tel\u00e9fono de la oficina: +34 966 195","breadcrumb":{"@id":"https:\/\/www.woodworksdirect.com\/es\/contacto\/#breadcrumb"},"inLanguage":"es","potentialAction":[{"@type":"ReadAction","target":["https:\/\/www.woodworksdirect.com\/es\/contacto\/"]}]},{"@type":"BreadcrumbList","@id":"https:\/\/www.woodworksdirect.com\/es\/contacto\/#breadcrumb","itemListElement":[{"@type":"ListItem","position":1,"name":"Home","item":"https:\/\/www.woodworksdirect.com\/es\/"},{"@type":"ListItem","position":2,"name":"Contacto"}]},{"@type":"WebSite","@id":"https:\/\/www.woodworksdirect.com\/es\/#website","url":"https:\/\/www.woodworksdirect.com\/es\/","name":"Woodworks Direct","description":"Pergolas &amp; Carports delivered to your door.","potentialAction":[{"@type":"SearchAction","target":{"@type":"EntryPoint","urlTemplate":"https:\/\/www.woodworksdirect.com\/es\/?s={search_term_string}"},"query-input":"required name=search_term_string"}],"inLanguage":"es"}]}},"_links":{"self":[{"href":"https:\/\/www.woodworksdirect.com\/es\/wp-json\/wp\/v2\/pages\/14571"}],"collection":[{"href":"https:\/\/www.woodworksdirect.com\/es\/wp-json\/wp\/v2\/pages"}],"about":[{"href":"https:\/\/www.woodworksdirect.com\/es\/wp-json\/wp\/v2\/types\/page"}],"author":[{"embeddable":true,"href":"https:\/\/www.woodworksdirect.com\/es\/wp-json\/wp\/v2\/users\/1"}],"replies":[{"embeddable":true,"href":"https:\/\/www.woodworksdirect.com\/es\/wp-json\/wp\/v2\/comments?post=14571"}],"version-history":[{"count":15,"href":"https:\/\/www.woodworksdirect.com\/es\/wp-json\/wp\/v2\/pages\/14571\/revisions"}],"predecessor-version":[{"id":17548,"href":"https:\/\/www.woodworksdirect.com\/es\/wp-json\/wp\/v2\/pages\/14571\/revisions\/17548"}],"wp:attachment":[{"href":"https:\/\/www.woodworksdirect.com\/es\/wp-json\/wp\/v2\/media?parent=14571"}],"curies":[{"name":"wp","href":"https:\/\/api.w.org\/{rel}","templated":true}]}}